{"id":13489,"date":"2022-09-15T14:44:45","date_gmt":"2022-09-15T14:44:45","guid":{"rendered":"https:\/\/skin2go.r-s.space\/product\/ssg-08-mainframe-001\/"},"modified":"2023-04-27T17:39:00","modified_gmt":"2023-04-27T17:39:00","slug":"ssg-08-mainframe-001","status":"publish","type":"product","link":"https:\/\/skintrade.org\/pt-pt\/produto\/ssg-08-mainframe-001\/","title":{"rendered":"Mainframe 001"},"content":{"rendered":"<p>As partes individuais da espingarda s\u00e3o pintadas de roxo s\u00f3lido. O receptor, o guarda-m\u00e3o e parte da coronha s\u00e3o adornados com um padr\u00e3o de alta tecnologia pintado de p\u00farpura e complementado por detalhes em azul-petr\u00f3leo. A mira n\u00e3o est\u00e1 pintada.<\/p>\n","protected":false},"excerpt":{"rendered":"<p>As partes individuais da espingarda s\u00e3o pintadas de roxo s\u00f3lido. O receptor, o guarda-m\u00e3o e parte da coronha s\u00e3o adornados com um padr\u00e3o de alta tecnologia pintado de p\u00farpura e complementado por detalhes em azul-petr\u00f3leo. A mira n\u00e3o est\u00e1 pintada.<\/p>\n","protected":false},"featured_media":12373,"template":"","meta":[],"product_brand":[],"product_cat":[282,269,341],"product_tag":[],"class_list":{"0":"post-13489","1":"product","2":"type-product","3":"status-publish","4":"has-post-thumbnail","6":"product_cat-a-colecao-fracture","7":"product_cat-espingarda","8":"product_cat-ssg-08-pt-pt","9":"pa_rarity-padrao-militar","10":"pa_start-two-stars-pt-pt","11":"pa_subcategories-ssg-08-pt-pt","13":"first","14":"instock","15":"shipping-taxable","16":"purchasable","17":"product-type-simple"},"_links":{"self":[{"href":"https:\/\/skintrade.org\/pt-pt\/wp-json\/wp\/v2\/product\/13489","targetHints":{"allow":["GET"]}}],"collection":[{"href":"https:\/\/skintrade.org\/pt-pt\/wp-json\/wp\/v2\/product"}],"about":[{"href":"https:\/\/skintrade.org\/pt-pt\/wp-json\/wp\/v2\/types\/product"}],"wp:featuredmedia":[{"embeddable":true,"href":"https:\/\/skintrade.org\/pt-pt\/wp-json\/wp\/v2\/media\/12373"}],"wp:attachment":[{"href":"https:\/\/skintrade.org\/pt-pt\/wp-json\/wp\/v2\/media?parent=13489"}],"wp:term":[{"taxonomy":"product_brand","embeddable":true,"href":"https:\/\/skintrade.org\/pt-pt\/wp-json\/wp\/v2\/product_brand?post=13489"},{"taxonomy":"product_cat","embeddable":true,"href":"https:\/\/skintrade.org\/pt-pt\/wp-json\/wp\/v2\/product_cat?post=13489"},{"taxonomy":"product_tag","embeddable":true,"href":"https:\/\/skintrade.org\/pt-pt\/wp-json\/wp\/v2\/product_tag?post=13489"}],"curies":[{"name":"wp","href":"https:\/\/api.w.org\/{rel}","templated":true}]}}