{"id":13488,"date":"2022-09-15T14:52:32","date_gmt":"2022-09-15T14:52:32","guid":{"rendered":"https:\/\/skin2go.r-s.space\/product\/sg-553-ol-rusty\/"},"modified":"2023-04-27T17:36:31","modified_gmt":"2023-04-27T17:36:31","slug":"sg-553-ol-rusty","status":"publish","type":"product","link":"https:\/\/skintrade.org\/pt-pt\/produto\/sg-553-ol-rusty\/","title":{"rendered":"Ol&#8217; Rusty"},"content":{"rendered":"<p>A parte central da espingarda, o carregador e a mira s\u00e3o pintados com tinta prateada e complementados com um padr\u00e3o que imita manchas de ferrugem. O guarda-m\u00e3o, a coronha e as partes individuais da arma s\u00e3o revestidos com tinta cobre. O receptor \u00e9 adornado com uma inscri\u00e7\u00e3o vintage vermelha &#8220;Ol&#8217; Rusty&#8221;. O punho est\u00e1 parcialmente envolvido com fita adesiva.<\/p>\n","protected":false},"excerpt":{"rendered":"<p>A parte central da espingarda, o carregador e a mira s\u00e3o pintados com tinta prateada e complementados com um padr\u00e3o que imita manchas de ferrugem. O guarda-m\u00e3o, a coronha e as partes individuais da arma s\u00e3o revestidos com tinta cobre. O receptor \u00e9 adornado com uma inscri\u00e7\u00e3o vintage vermelha &#8220;Ol&#8217; Rusty&#8221;. O punho est\u00e1 parcialmente [&#8230;]\n","protected":false},"featured_media":12379,"template":"","meta":[],"product_brand":[],"product_cat":[282,269,340],"product_tag":[],"class_list":{"0":"post-13488","1":"product","2":"type-product","3":"status-publish","4":"has-post-thumbnail","6":"product_cat-a-colecao-fracture","7":"product_cat-espingarda","8":"product_cat-sg-553-pt-pt","9":"pa_rarity-padrao-militar","10":"pa_start-five-stars-pt-pt","11":"pa_subcategories-sg-553-pt-pt","13":"first","14":"instock","15":"shipping-taxable","16":"purchasable","17":"product-type-simple"},"_links":{"self":[{"href":"https:\/\/skintrade.org\/pt-pt\/wp-json\/wp\/v2\/product\/13488","targetHints":{"allow":["GET"]}}],"collection":[{"href":"https:\/\/skintrade.org\/pt-pt\/wp-json\/wp\/v2\/product"}],"about":[{"href":"https:\/\/skintrade.org\/pt-pt\/wp-json\/wp\/v2\/types\/product"}],"wp:featuredmedia":[{"embeddable":true,"href":"https:\/\/skintrade.org\/pt-pt\/wp-json\/wp\/v2\/media\/12379"}],"wp:attachment":[{"href":"https:\/\/skintrade.org\/pt-pt\/wp-json\/wp\/v2\/media?parent=13488"}],"wp:term":[{"taxonomy":"product_brand","embeddable":true,"href":"https:\/\/skintrade.org\/pt-pt\/wp-json\/wp\/v2\/product_brand?post=13488"},{"taxonomy":"product_cat","embeddable":true,"href":"https:\/\/skintrade.org\/pt-pt\/wp-json\/wp\/v2\/product_cat?post=13488"},{"taxonomy":"product_tag","embeddable":true,"href":"https:\/\/skintrade.org\/pt-pt\/wp-json\/wp\/v2\/product_tag?post=13488"}],"curies":[{"name":"wp","href":"https:\/\/api.w.org\/{rel}","templated":true}]}}