{"id":13487,"date":"2022-09-15T14:56:01","date_gmt":"2022-09-15T14:56:01","guid":{"rendered":"https:\/\/skin2go.r-s.space\/product\/p90-freight\/"},"modified":"2023-04-27T17:35:59","modified_gmt":"2023-04-27T17:35:59","slug":"p90-freight","status":"publish","type":"product","link":"https:\/\/skintrade.org\/pt-pt\/produto\/p90-freight\/","title":{"rendered":"Freight"},"content":{"rendered":"<p>A skin imita o desenho de um vag\u00e3o de comboio de mercadorias. Todo o corpo da submetralhadora \u00e9 pintado de forma irregular em tons escuros de vermelho e castanho e complementado por um padr\u00e3o que imita uma camada de ferrugem. O fundo \u00e9 adornado com v\u00e1rias inscri\u00e7\u00f5es e desenhos de graffiti.<\/p>\n","protected":false},"excerpt":{"rendered":"<p>A skin imita o desenho de um vag\u00e3o de comboio de mercadorias. Todo o corpo da submetralhadora \u00e9 pintado de forma irregular em tons escuros de vermelho e castanho e complementado por um padr\u00e3o que imita uma camada de ferrugem. O fundo \u00e9 adornado com v\u00e1rias inscri\u00e7\u00f5es e desenhos de graffiti.<\/p>\n","protected":false},"featured_media":12382,"template":"","meta":[],"product_brand":[],"product_cat":[282,347,342],"product_tag":[],"class_list":{"0":"post-13487","1":"product","2":"type-product","3":"status-publish","4":"has-post-thumbnail","6":"product_cat-a-colecao-fracture","7":"product_cat-p90-pt-pt","8":"product_cat-submetralhadoras","9":"pa_rarity-padrao-militar","10":"pa_start-three-stars-pt-pt","11":"pa_subcategories-p90-pt-pt","13":"first","14":"instock","15":"shipping-taxable","16":"purchasable","17":"product-type-simple"},"_links":{"self":[{"href":"https:\/\/skintrade.org\/pt-pt\/wp-json\/wp\/v2\/product\/13487","targetHints":{"allow":["GET"]}}],"collection":[{"href":"https:\/\/skintrade.org\/pt-pt\/wp-json\/wp\/v2\/product"}],"about":[{"href":"https:\/\/skintrade.org\/pt-pt\/wp-json\/wp\/v2\/types\/product"}],"wp:featuredmedia":[{"embeddable":true,"href":"https:\/\/skintrade.org\/pt-pt\/wp-json\/wp\/v2\/media\/12382"}],"wp:attachment":[{"href":"https:\/\/skintrade.org\/pt-pt\/wp-json\/wp\/v2\/media?parent=13487"}],"wp:term":[{"taxonomy":"product_brand","embeddable":true,"href":"https:\/\/skintrade.org\/pt-pt\/wp-json\/wp\/v2\/product_brand?post=13487"},{"taxonomy":"product_cat","embeddable":true,"href":"https:\/\/skintrade.org\/pt-pt\/wp-json\/wp\/v2\/product_cat?post=13487"},{"taxonomy":"product_tag","embeddable":true,"href":"https:\/\/skintrade.org\/pt-pt\/wp-json\/wp\/v2\/product_tag?post=13487"}],"curies":[{"name":"wp","href":"https:\/\/api.w.org\/{rel}","templated":true}]}}