{"id":13485,"date":"2022-09-15T15:03:07","date_gmt":"2022-09-15T15:03:07","guid":{"rendered":"https:\/\/skin2go.r-s.space\/product\/pp-bizon-runic\/"},"modified":"2023-04-27T17:32:45","modified_gmt":"2023-04-27T17:32:45","slug":"pp-bizon-runic","status":"publish","type":"product","link":"https:\/\/skintrade.org\/pt-pt\/produto\/pp-bizon-runic\/","title":{"rendered":"Runic"},"content":{"rendered":"<p>A parte principal do corpo da arma n\u00e3o est\u00e1 pintada e est\u00e1 adornada com uma linha de s\u00edmbolos cor-de-laranja que se assemelham a runas antigas. A parte da frente do cano \u00e9 complementada com detalhes cor-de-laranja que imitam metal incandescente. O carregador \u00e9 pintado com imagens volum\u00e9tricas de tubos met\u00e1licos. A coronha e as partes individuais da submetralhadora s\u00e3o revestidas com tinta bronze escura.<\/p>\n","protected":false},"excerpt":{"rendered":"<p>A parte principal do corpo da arma n\u00e3o est\u00e1 pintada e est\u00e1 adornada com uma linha de s\u00edmbolos cor-de-laranja que se assemelham a runas antigas. A parte da frente do cano \u00e9 complementada com detalhes cor-de-laranja que imitam metal incandescente. O carregador \u00e9 pintado com imagens volum\u00e9tricas de tubos met\u00e1licos. A coronha e as partes [&#8230;]\n","protected":false},"featured_media":12388,"template":"","meta":[],"product_brand":[],"product_cat":[282,348,342],"product_tag":[],"class_list":{"0":"post-13485","1":"product","2":"type-product","3":"status-publish","4":"has-post-thumbnail","6":"product_cat-a-colecao-fracture","7":"product_cat-pp-bizon-pt-pt","8":"product_cat-submetralhadoras","9":"pa_rarity-padrao-militar","10":"pa_start-four-stars-pt-pt","11":"pa_subcategories-pp-bizon-pt-pt","13":"first","14":"instock","15":"shipping-taxable","16":"purchasable","17":"product-type-simple"},"_links":{"self":[{"href":"https:\/\/skintrade.org\/pt-pt\/wp-json\/wp\/v2\/product\/13485","targetHints":{"allow":["GET"]}}],"collection":[{"href":"https:\/\/skintrade.org\/pt-pt\/wp-json\/wp\/v2\/product"}],"about":[{"href":"https:\/\/skintrade.org\/pt-pt\/wp-json\/wp\/v2\/types\/product"}],"wp:featuredmedia":[{"embeddable":true,"href":"https:\/\/skintrade.org\/pt-pt\/wp-json\/wp\/v2\/media\/12388"}],"wp:attachment":[{"href":"https:\/\/skintrade.org\/pt-pt\/wp-json\/wp\/v2\/media?parent=13485"}],"wp:term":[{"taxonomy":"product_brand","embeddable":true,"href":"https:\/\/skintrade.org\/pt-pt\/wp-json\/wp\/v2\/product_brand?post=13485"},{"taxonomy":"product_cat","embeddable":true,"href":"https:\/\/skintrade.org\/pt-pt\/wp-json\/wp\/v2\/product_cat?post=13485"},{"taxonomy":"product_tag","embeddable":true,"href":"https:\/\/skintrade.org\/pt-pt\/wp-json\/wp\/v2\/product_tag?post=13485"}],"curies":[{"name":"wp","href":"https:\/\/api.w.org\/{rel}","templated":true}]}}