{"id":13484,"date":"2022-09-15T15:03:06","date_gmt":"2022-09-15T15:03:06","guid":{"rendered":"https:\/\/skin2go.r-s.space\/product\/negev-ultralight\/"},"modified":"2023-04-27T17:32:02","modified_gmt":"2023-04-27T17:32:02","slug":"negev-ultralight","status":"publish","type":"product","link":"https:\/\/skintrade.org\/pt-pt\/produto\/negev-ultralight\/","title":{"rendered":"Ultralight"},"content":{"rendered":"<p>Todo o corpo da metralhadora est\u00e1 adornado com um padr\u00e3o de camuflagem digital pintado em v\u00e1rios tons de cinzento. O design \u00e9 complementado por uma fila de setas azul-petr\u00f3leo que brilham quando disparam<\/p>\n","protected":false},"excerpt":{"rendered":"<p>Todo o corpo da metralhadora est\u00e1 adornado com um padr\u00e3o de camuflagem digital pintado em v\u00e1rios tons de cinzento. O design \u00e9 complementado por uma fila de setas azul-petr\u00f3leo que brilham quando disparam<\/p>\n","protected":false},"featured_media":12391,"template":"","meta":[],"product_brand":[],"product_cat":[282,294,297],"product_tag":[],"class_list":{"0":"post-13484","1":"product","2":"type-product","3":"status-publish","4":"has-post-thumbnail","6":"product_cat-a-colecao-fracture","7":"product_cat-arma-pesada","8":"product_cat-negev-pt-pt","9":"pa_rarity-padrao-militar","10":"pa_start-four-stars-pt-pt","11":"pa_subcategories-negev-pt-pt","13":"first","14":"instock","15":"shipping-taxable","16":"purchasable","17":"product-type-simple"},"_links":{"self":[{"href":"https:\/\/skintrade.org\/pt-pt\/wp-json\/wp\/v2\/product\/13484","targetHints":{"allow":["GET"]}}],"collection":[{"href":"https:\/\/skintrade.org\/pt-pt\/wp-json\/wp\/v2\/product"}],"about":[{"href":"https:\/\/skintrade.org\/pt-pt\/wp-json\/wp\/v2\/types\/product"}],"wp:featuredmedia":[{"embeddable":true,"href":"https:\/\/skintrade.org\/pt-pt\/wp-json\/wp\/v2\/media\/12391"}],"wp:attachment":[{"href":"https:\/\/skintrade.org\/pt-pt\/wp-json\/wp\/v2\/media?parent=13484"}],"wp:term":[{"taxonomy":"product_brand","embeddable":true,"href":"https:\/\/skintrade.org\/pt-pt\/wp-json\/wp\/v2\/product_brand?post=13484"},{"taxonomy":"product_cat","embeddable":true,"href":"https:\/\/skintrade.org\/pt-pt\/wp-json\/wp\/v2\/product_cat?post=13484"},{"taxonomy":"product_tag","embeddable":true,"href":"https:\/\/skintrade.org\/pt-pt\/wp-json\/wp\/v2\/product_tag?post=13484"}],"curies":[{"name":"wp","href":"https:\/\/api.w.org\/{rel}","templated":true}]}}