{"id":13483,"date":"2022-09-15T14:59:41","date_gmt":"2022-09-15T14:59:41","guid":{"rendered":"https:\/\/skin2go.r-s.space\/product\/p2000-gnarled\/"},"modified":"2023-04-27T17:33:06","modified_gmt":"2023-04-27T17:33:06","slug":"p2000-gnarled","status":"publish","type":"product","link":"https:\/\/skintrade.org\/pt-pt\/produto\/p2000-gnarled\/","title":{"rendered":"Gnarled"},"content":{"rendered":"<p>O esquema de cores da skin inclui tons escuros de rosa e azul. O elemento principal do desenho \u00e9 a imagem de um monstro marinho disforme com olhos vermelhos e tent\u00e1culos compridos. A pega \u00e9 complementada com imagens de algas pretas.<\/p>\n","protected":false},"excerpt":{"rendered":"<p>O esquema de cores da skin inclui tons escuros de rosa e azul. O elemento principal do desenho \u00e9 a imagem de um monstro marinho disforme com olhos vermelhos e tent\u00e1culos compridos. A pega \u00e9 complementada com imagens de algas pretas.<\/p>\n","protected":false},"featured_media":12385,"template":"","meta":[],"product_brand":[],"product_cat":[282,327,321],"product_tag":[],"class_list":{"0":"post-13483","1":"product","2":"type-product","3":"status-publish","4":"has-post-thumbnail","6":"product_cat-a-colecao-fracture","7":"product_cat-p2000-pt-pt","8":"product_cat-pistolas","9":"pa_rarity-padrao-militar","10":"pa_start-five-stars-pt-pt","11":"pa_subcategories-p2000-pt-pt","13":"first","14":"instock","15":"shipping-taxable","16":"purchasable","17":"product-type-simple"},"_links":{"self":[{"href":"https:\/\/skintrade.org\/pt-pt\/wp-json\/wp\/v2\/product\/13483","targetHints":{"allow":["GET"]}}],"collection":[{"href":"https:\/\/skintrade.org\/pt-pt\/wp-json\/wp\/v2\/product"}],"about":[{"href":"https:\/\/skintrade.org\/pt-pt\/wp-json\/wp\/v2\/types\/product"}],"wp:featuredmedia":[{"embeddable":true,"href":"https:\/\/skintrade.org\/pt-pt\/wp-json\/wp\/v2\/media\/12385"}],"wp:attachment":[{"href":"https:\/\/skintrade.org\/pt-pt\/wp-json\/wp\/v2\/media?parent=13483"}],"wp:term":[{"taxonomy":"product_brand","embeddable":true,"href":"https:\/\/skintrade.org\/pt-pt\/wp-json\/wp\/v2\/product_brand?post=13483"},{"taxonomy":"product_cat","embeddable":true,"href":"https:\/\/skintrade.org\/pt-pt\/wp-json\/wp\/v2\/product_cat?post=13483"},{"taxonomy":"product_tag","embeddable":true,"href":"https:\/\/skintrade.org\/pt-pt\/wp-json\/wp\/v2\/product_tag?post=13483"}],"curies":[{"name":"wp","href":"https:\/\/api.w.org\/{rel}","templated":true}]}}