{"id":13482,"date":"2022-09-15T15:24:28","date_gmt":"2022-09-15T15:24:28","guid":{"rendered":"https:\/\/skin2go.r-s.space\/product\/m4a1-s-player-two\/"},"modified":"2025-08-21T13:48:33","modified_gmt":"2025-08-21T13:48:33","slug":"m4a1-s-player-two","status":"publish","type":"product","link":"https:\/\/skintrade.org\/pt-pt\/produto\/m4a1-s-player-two\/","title":{"rendered":"Player Two"},"content":{"rendered":"<p>A skin \u00e9 feita ao estilo manga. Todo o corpo da espingarda \u00e9 adornado com fragmentos multicoloridos de v\u00e1rios padr\u00f5es. O receptor \u00e9 pintado com a imagem de um contra-terrorista GIGN a atacar com uma espingarda nas m\u00e3os. O carregador \u00e9 complementado com a cabe\u00e7a de um c\u00e3o com a l\u00edngua de fora.<\/p>\n","protected":false},"excerpt":{"rendered":"<p>A skin \u00e9 feita ao estilo manga. Todo o corpo da espingarda \u00e9 adornado com fragmentos multicoloridos de v\u00e1rios padr\u00f5es. O receptor \u00e9 pintado com a imagem de um contra-terrorista GIGN a atacar com uma espingarda nas m\u00e3os. O carregador \u00e9 complementado com a cabe\u00e7a de um c\u00e3o com a l\u00edngua de fora.<\/p>\n","protected":false},"featured_media":12394,"template":"","meta":[],"product_brand":[],"product_cat":[283,269,337],"product_tag":[],"class_list":{"0":"post-13482","1":"product","2":"type-product","3":"status-publish","4":"has-post-thumbnail","6":"product_cat-a-colecao-prisma-2","7":"product_cat-espingarda","8":"product_cat-m4a1-s-pt-pt","9":"pa_rarity-secreto","10":"pa_start-two-stars-pt-pt","11":"pa_subcategories-m4a1-s-pt-pt","13":"first","14":"instock","15":"shipping-taxable","16":"purchasable","17":"product-type-simple"},"_links":{"self":[{"href":"https:\/\/skintrade.org\/pt-pt\/wp-json\/wp\/v2\/product\/13482","targetHints":{"allow":["GET"]}}],"collection":[{"href":"https:\/\/skintrade.org\/pt-pt\/wp-json\/wp\/v2\/product"}],"about":[{"href":"https:\/\/skintrade.org\/pt-pt\/wp-json\/wp\/v2\/types\/product"}],"wp:featuredmedia":[{"embeddable":true,"href":"https:\/\/skintrade.org\/pt-pt\/wp-json\/wp\/v2\/media\/12394"}],"wp:attachment":[{"href":"https:\/\/skintrade.org\/pt-pt\/wp-json\/wp\/v2\/media?parent=13482"}],"wp:term":[{"taxonomy":"product_brand","embeddable":true,"href":"https:\/\/skintrade.org\/pt-pt\/wp-json\/wp\/v2\/product_brand?post=13482"},{"taxonomy":"product_cat","embeddable":true,"href":"https:\/\/skintrade.org\/pt-pt\/wp-json\/wp\/v2\/product_cat?post=13482"},{"taxonomy":"product_tag","embeddable":true,"href":"https:\/\/skintrade.org\/pt-pt\/wp-json\/wp\/v2\/product_tag?post=13482"}],"curies":[{"name":"wp","href":"https:\/\/api.w.org\/{rel}","templated":true}]}}