{"id":13481,"date":"2022-09-15T15:28:20","date_gmt":"2022-09-15T15:28:20","guid":{"rendered":"https:\/\/skin2go.r-s.space\/product\/glock-18-bullet-queen\/"},"modified":"2025-08-21T13:48:31","modified_gmt":"2025-08-21T13:48:31","slug":"glock-18-bullet-queen","status":"publish","type":"product","link":"https:\/\/skintrade.org\/pt-pt\/produto\/glock-18-bullet-queen\/","title":{"rendered":"Bullet Queen"},"content":{"rendered":"<p>A skin \u00e9 pintada num esquema de cores preto e amarelo e complementada por numerosas imagens de estrelas espalhadas e balas voadoras. V\u00e1rias balas s\u00e3o pintadas num estilo de desenho animado e exprimem v\u00e1rias emo\u00e7\u00f5es. O punho \u00e9 adornado com a imagem de uma rapariga piscando o olho com um casaco vermelho. Uma coroa amarela \u00e9 pintada por cima da cabe\u00e7a da rapariga. O desenho \u00e9 complementado por pormenores brancos.<\/p>\n","protected":false},"excerpt":{"rendered":"<p>A skin \u00e9 pintada num esquema de cores preto e amarelo e complementada por numerosas imagens de estrelas espalhadas e balas voadoras. V\u00e1rias balas s\u00e3o pintadas num estilo de desenho animado e exprimem v\u00e1rias emo\u00e7\u00f5es. O punho \u00e9 adornado com a imagem de uma rapariga piscando o olho com um casaco vermelho. Uma coroa amarela [&#8230;]\n","protected":false},"featured_media":12397,"template":"","meta":[],"product_brand":[],"product_cat":[283,326,321],"product_tag":[],"class_list":{"0":"post-13481","1":"product","2":"type-product","3":"status-publish","4":"has-post-thumbnail","6":"product_cat-a-colecao-prisma-2","7":"product_cat-glock-18-pt-pt","8":"product_cat-pistolas","9":"pa_rarity-secreto","10":"pa_start-four-stars-pt-pt","11":"pa_subcategories-glock-18-pt-pt","13":"first","14":"instock","15":"shipping-taxable","16":"purchasable","17":"product-type-simple"},"_links":{"self":[{"href":"https:\/\/skintrade.org\/pt-pt\/wp-json\/wp\/v2\/product\/13481","targetHints":{"allow":["GET"]}}],"collection":[{"href":"https:\/\/skintrade.org\/pt-pt\/wp-json\/wp\/v2\/product"}],"about":[{"href":"https:\/\/skintrade.org\/pt-pt\/wp-json\/wp\/v2\/types\/product"}],"wp:featuredmedia":[{"embeddable":true,"href":"https:\/\/skintrade.org\/pt-pt\/wp-json\/wp\/v2\/media\/12397"}],"wp:attachment":[{"href":"https:\/\/skintrade.org\/pt-pt\/wp-json\/wp\/v2\/media?parent=13481"}],"wp:term":[{"taxonomy":"product_brand","embeddable":true,"href":"https:\/\/skintrade.org\/pt-pt\/wp-json\/wp\/v2\/product_brand?post=13481"},{"taxonomy":"product_cat","embeddable":true,"href":"https:\/\/skintrade.org\/pt-pt\/wp-json\/wp\/v2\/product_cat?post=13481"},{"taxonomy":"product_tag","embeddable":true,"href":"https:\/\/skintrade.org\/pt-pt\/wp-json\/wp\/v2\/product_tag?post=13481"}],"curies":[{"name":"wp","href":"https:\/\/api.w.org\/{rel}","templated":true}]}}