{"id":13479,"date":"2022-09-15T15:34:50","date_gmt":"2022-09-15T15:34:50","guid":{"rendered":"https:\/\/skin2go.r-s.space\/product\/mac-10-disco-tech\/"},"modified":"2025-08-21T13:48:30","modified_gmt":"2025-08-21T13:48:30","slug":"mac-10-disco-tech","status":"publish","type":"product","link":"https:\/\/skintrade.org\/pt-pt\/produto\/mac-10-disco-tech\/","title":{"rendered":"Disco Tech"},"content":{"rendered":"<p>O corpo da submetralhadora \u00e9 adornado com um padr\u00e3o geom\u00e9trico pintado com tinta hologr\u00e1fica que muda de cor. O cinto, o carregador e as pequenas partes individuais da arma s\u00e3o pretos s\u00f3lidos.<\/p>\n","protected":false},"excerpt":{"rendered":"<p>O corpo da submetralhadora \u00e9 adornado com um padr\u00e3o geom\u00e9trico pintado com tinta hologr\u00e1fica que muda de cor. O cinto, o carregador e as pequenas partes individuais da arma s\u00e3o pretos s\u00f3lidos.<\/p>\n","protected":false},"featured_media":12403,"template":"","meta":[],"product_brand":[],"product_cat":[283,343,342],"product_tag":[],"class_list":{"0":"post-13479","1":"product","2":"type-product","3":"status-publish","4":"has-post-thumbnail","6":"product_cat-a-colecao-prisma-2","7":"product_cat-mac-10-pt-pt","8":"product_cat-submetralhadoras","9":"pa_rarity-confidencial","10":"pa_start-four-stars-pt-pt","11":"pa_subcategories-mac-10-pt-pt","13":"first","14":"instock","15":"shipping-taxable","16":"purchasable","17":"product-type-simple"},"_links":{"self":[{"href":"https:\/\/skintrade.org\/pt-pt\/wp-json\/wp\/v2\/product\/13479","targetHints":{"allow":["GET"]}}],"collection":[{"href":"https:\/\/skintrade.org\/pt-pt\/wp-json\/wp\/v2\/product"}],"about":[{"href":"https:\/\/skintrade.org\/pt-pt\/wp-json\/wp\/v2\/types\/product"}],"wp:featuredmedia":[{"embeddable":true,"href":"https:\/\/skintrade.org\/pt-pt\/wp-json\/wp\/v2\/media\/12403"}],"wp:attachment":[{"href":"https:\/\/skintrade.org\/pt-pt\/wp-json\/wp\/v2\/media?parent=13479"}],"wp:term":[{"taxonomy":"product_brand","embeddable":true,"href":"https:\/\/skintrade.org\/pt-pt\/wp-json\/wp\/v2\/product_brand?post=13479"},{"taxonomy":"product_cat","embeddable":true,"href":"https:\/\/skintrade.org\/pt-pt\/wp-json\/wp\/v2\/product_cat?post=13479"},{"taxonomy":"product_tag","embeddable":true,"href":"https:\/\/skintrade.org\/pt-pt\/wp-json\/wp\/v2\/product_tag?post=13479"}],"curies":[{"name":"wp","href":"https:\/\/api.w.org\/{rel}","templated":true}]}}