{"id":13478,"date":"2022-09-15T15:38:19","date_gmt":"2022-09-15T15:38:19","guid":{"rendered":"https:\/\/skin2go.r-s.space\/product\/mag-7-justice\/"},"modified":"2025-08-21T13:48:34","modified_gmt":"2025-08-21T13:48:34","slug":"mag-7-justice","status":"publish","type":"product","link":"https:\/\/skintrade.org\/pt-pt\/produto\/mag-7-justice\/","title":{"rendered":"Justice"},"content":{"rendered":"<p>A skin \u00e9 pintada em azul, dourado e branco e complementada por pequenos detalhes em vermelho. A parte da frente do corpo est\u00e1 decorada com algarismos romanos &#8220;XI&#8221;, indicando o n\u00famero da carta do baralho de Tarot. As partes individuais da arma s\u00e3o pintadas de preto s\u00f3lido.<\/p>\n","protected":false},"excerpt":{"rendered":"<p>A skin \u00e9 pintada em azul, dourado e branco e complementada por pequenos detalhes em vermelho. A parte da frente do corpo est\u00e1 decorada com algarismos romanos &#8220;XI&#8221;, indicando o n\u00famero da carta do baralho de Tarot. As partes individuais da arma s\u00e3o pintadas de preto s\u00f3lido.<\/p>\n","protected":false},"featured_media":12406,"template":"","meta":[],"product_brand":[],"product_cat":[283,294,296],"product_tag":[],"class_list":{"0":"post-13478","1":"product","2":"type-product","3":"status-publish","4":"has-post-thumbnail","6":"product_cat-a-colecao-prisma-2","7":"product_cat-arma-pesada","8":"product_cat-mag-7-pt-pt","9":"pa_rarity-confidencial","10":"pa_start-five-stars-pt-pt","11":"pa_subcategories-mag-7-pt-pt","13":"first","14":"instock","15":"shipping-taxable","16":"purchasable","17":"product-type-simple"},"_links":{"self":[{"href":"https:\/\/skintrade.org\/pt-pt\/wp-json\/wp\/v2\/product\/13478","targetHints":{"allow":["GET"]}}],"collection":[{"href":"https:\/\/skintrade.org\/pt-pt\/wp-json\/wp\/v2\/product"}],"about":[{"href":"https:\/\/skintrade.org\/pt-pt\/wp-json\/wp\/v2\/types\/product"}],"wp:featuredmedia":[{"embeddable":true,"href":"https:\/\/skintrade.org\/pt-pt\/wp-json\/wp\/v2\/media\/12406"}],"wp:attachment":[{"href":"https:\/\/skintrade.org\/pt-pt\/wp-json\/wp\/v2\/media?parent=13478"}],"wp:term":[{"taxonomy":"product_brand","embeddable":true,"href":"https:\/\/skintrade.org\/pt-pt\/wp-json\/wp\/v2\/product_brand?post=13478"},{"taxonomy":"product_cat","embeddable":true,"href":"https:\/\/skintrade.org\/pt-pt\/wp-json\/wp\/v2\/product_cat?post=13478"},{"taxonomy":"product_tag","embeddable":true,"href":"https:\/\/skintrade.org\/pt-pt\/wp-json\/wp\/v2\/product_tag?post=13478"}],"curies":[{"name":"wp","href":"https:\/\/api.w.org\/{rel}","templated":true}]}}