{"id":13477,"date":"2022-09-15T15:42:16","date_gmt":"2022-09-15T15:42:16","guid":{"rendered":"https:\/\/skin2go.r-s.space\/product\/ssg-08-fever-dream\/"},"modified":"2025-08-21T13:48:29","modified_gmt":"2025-08-21T13:48:29","slug":"ssg-08-fever-dream","status":"publish","type":"product","link":"https:\/\/skintrade.org\/pt-pt\/produto\/ssg-08-fever-dream\/","title":{"rendered":"Fever Dream"},"content":{"rendered":"<p>Este SSG 08 foi pintado num estilo &#8220;Custom Paint Job&#8221;, com o acabamento Fever Dream. Este estilo permite um visual extremamente personalizado numa gama completa de cores. A skin foi pintada num esquema de cores de ciano e rosa. Os diferentes \u00edndices de padr\u00e3o n\u00e3o t\u00eam qualquer efeito no acabamento Fever Dream.<\/p>\n","protected":false},"excerpt":{"rendered":"<p>Este SSG 08 foi pintado num estilo &#8220;Custom Paint Job&#8221;, com o acabamento Fever Dream. Este estilo permite um visual extremamente personalizado numa gama completa de cores. A skin foi pintada num esquema de cores de ciano e rosa. Os diferentes \u00edndices de padr\u00e3o n\u00e3o t\u00eam qualquer efeito no acabamento Fever Dream.<\/p>\n","protected":false},"featured_media":12409,"template":"","meta":[],"product_brand":[],"product_cat":[283,269,341],"product_tag":[],"class_list":{"0":"post-13477","1":"product","2":"type-product","3":"status-publish","4":"has-post-thumbnail","6":"product_cat-a-colecao-prisma-2","7":"product_cat-espingarda","8":"product_cat-ssg-08-pt-pt","9":"pa_rarity-restrito","10":"pa_subcategories-ssg-08-pt-pt","12":"first","13":"instock","14":"shipping-taxable","15":"purchasable","16":"product-type-simple"},"_links":{"self":[{"href":"https:\/\/skintrade.org\/pt-pt\/wp-json\/wp\/v2\/product\/13477","targetHints":{"allow":["GET"]}}],"collection":[{"href":"https:\/\/skintrade.org\/pt-pt\/wp-json\/wp\/v2\/product"}],"about":[{"href":"https:\/\/skintrade.org\/pt-pt\/wp-json\/wp\/v2\/types\/product"}],"wp:featuredmedia":[{"embeddable":true,"href":"https:\/\/skintrade.org\/pt-pt\/wp-json\/wp\/v2\/media\/12409"}],"wp:attachment":[{"href":"https:\/\/skintrade.org\/pt-pt\/wp-json\/wp\/v2\/media?parent=13477"}],"wp:term":[{"taxonomy":"product_brand","embeddable":true,"href":"https:\/\/skintrade.org\/pt-pt\/wp-json\/wp\/v2\/product_brand?post=13477"},{"taxonomy":"product_cat","embeddable":true,"href":"https:\/\/skintrade.org\/pt-pt\/wp-json\/wp\/v2\/product_cat?post=13477"},{"taxonomy":"product_tag","embeddable":true,"href":"https:\/\/skintrade.org\/pt-pt\/wp-json\/wp\/v2\/product_tag?post=13477"}],"curies":[{"name":"wp","href":"https:\/\/api.w.org\/{rel}","templated":true}]}}