{"id":13476,"date":"2022-09-15T15:49:25","date_gmt":"2022-09-15T15:49:25","guid":{"rendered":"https:\/\/skin2go.r-s.space\/product\/p2000-acid-etched\/"},"modified":"2025-08-21T13:48:27","modified_gmt":"2025-08-21T13:48:27","slug":"p2000-acid-etched","status":"publish","type":"product","link":"https:\/\/skintrade.org\/pt-pt\/produto\/p2000-acid-etched\/","title":{"rendered":"Acid Etched"},"content":{"rendered":"<p>O corpo da pistola \u00e9 revestido com tinta met\u00e1lica roxa e adornado com um padr\u00e3o abstracto pintado em v\u00e1rias cores que criam transi\u00e7\u00f5es de gradiente. O desenho \u00e9 complementado por uma imagem de um trevo de quatro folhas verde.<\/p>\n","protected":false},"excerpt":{"rendered":"<p>O corpo da pistola \u00e9 revestido com tinta met\u00e1lica roxa e adornado com um padr\u00e3o abstracto pintado em v\u00e1rias cores que criam transi\u00e7\u00f5es de gradiente. O desenho \u00e9 complementado por uma imagem de um trevo de quatro folhas verde.<\/p>\n","protected":false},"featured_media":12415,"template":"","meta":[],"product_brand":[],"product_cat":[283,327,321],"product_tag":[],"class_list":{"0":"post-13476","1":"product","2":"type-product","3":"status-publish","4":"has-post-thumbnail","6":"product_cat-a-colecao-prisma-2","7":"product_cat-p2000-pt-pt","8":"product_cat-pistolas","9":"pa_rarity-restrito","10":"pa_subcategories-p2000-pt-pt","12":"first","13":"instock","14":"shipping-taxable","15":"purchasable","16":"product-type-simple"},"_links":{"self":[{"href":"https:\/\/skintrade.org\/pt-pt\/wp-json\/wp\/v2\/product\/13476","targetHints":{"allow":["GET"]}}],"collection":[{"href":"https:\/\/skintrade.org\/pt-pt\/wp-json\/wp\/v2\/product"}],"about":[{"href":"https:\/\/skintrade.org\/pt-pt\/wp-json\/wp\/v2\/types\/product"}],"wp:featuredmedia":[{"embeddable":true,"href":"https:\/\/skintrade.org\/pt-pt\/wp-json\/wp\/v2\/media\/12415"}],"wp:attachment":[{"href":"https:\/\/skintrade.org\/pt-pt\/wp-json\/wp\/v2\/media?parent=13476"}],"wp:term":[{"taxonomy":"product_brand","embeddable":true,"href":"https:\/\/skintrade.org\/pt-pt\/wp-json\/wp\/v2\/product_brand?post=13476"},{"taxonomy":"product_cat","embeddable":true,"href":"https:\/\/skintrade.org\/pt-pt\/wp-json\/wp\/v2\/product_cat?post=13476"},{"taxonomy":"product_tag","embeddable":true,"href":"https:\/\/skintrade.org\/pt-pt\/wp-json\/wp\/v2\/product_tag?post=13476"}],"curies":[{"name":"wp","href":"https:\/\/api.w.org\/{rel}","templated":true}]}}