{"id":13475,"date":"2022-09-15T15:46:20","date_gmt":"2022-09-15T15:46:20","guid":{"rendered":"https:\/\/skin2go.r-s.space\/product\/sg-553-darkwing\/"},"modified":"2025-08-21T13:48:25","modified_gmt":"2025-08-21T13:48:25","slug":"sg-553-darkwing","status":"publish","type":"product","link":"https:\/\/skintrade.org\/pt-pt\/produto\/sg-553-darkwing\/","title":{"rendered":"Darkwing"},"content":{"rendered":"<p>O receptor \u00e9 adornado com a imagem de uma asa grande. O cano, o guarda-m\u00e3o e a mira s\u00e3o complementados com um padr\u00e3o de ramos encaracolados pintados em v\u00e1rios tons de cinzento. O carregador, a pega e a coronha s\u00e3o pintados com imagens de chamas vermelho-alaranjadas.<\/p>\n","protected":false},"excerpt":{"rendered":"<p>O receptor \u00e9 adornado com a imagem de uma asa grande. O cano, o guarda-m\u00e3o e a mira s\u00e3o complementados com um padr\u00e3o de ramos encaracolados pintados em v\u00e1rios tons de cinzento. O carregador, a pega e a coronha s\u00e3o pintados com imagens de chamas vermelho-alaranjadas.<\/p>\n","protected":false},"featured_media":12412,"template":"","meta":[],"product_brand":[],"product_cat":[283,269,340],"product_tag":[],"class_list":{"0":"post-13475","1":"product","2":"type-product","3":"status-publish","4":"has-post-thumbnail","6":"product_cat-a-colecao-prisma-2","7":"product_cat-espingarda","8":"product_cat-sg-553-pt-pt","9":"pa_rarity-restrito","10":"pa_start-four-stars-pt-pt","11":"pa_subcategories-sg-553-pt-pt","13":"first","14":"instock","15":"shipping-taxable","16":"purchasable","17":"product-type-simple"},"_links":{"self":[{"href":"https:\/\/skintrade.org\/pt-pt\/wp-json\/wp\/v2\/product\/13475","targetHints":{"allow":["GET"]}}],"collection":[{"href":"https:\/\/skintrade.org\/pt-pt\/wp-json\/wp\/v2\/product"}],"about":[{"href":"https:\/\/skintrade.org\/pt-pt\/wp-json\/wp\/v2\/types\/product"}],"wp:featuredmedia":[{"embeddable":true,"href":"https:\/\/skintrade.org\/pt-pt\/wp-json\/wp\/v2\/media\/12412"}],"wp:attachment":[{"href":"https:\/\/skintrade.org\/pt-pt\/wp-json\/wp\/v2\/media?parent=13475"}],"wp:term":[{"taxonomy":"product_brand","embeddable":true,"href":"https:\/\/skintrade.org\/pt-pt\/wp-json\/wp\/v2\/product_brand?post=13475"},{"taxonomy":"product_cat","embeddable":true,"href":"https:\/\/skintrade.org\/pt-pt\/wp-json\/wp\/v2\/product_cat?post=13475"},{"taxonomy":"product_tag","embeddable":true,"href":"https:\/\/skintrade.org\/pt-pt\/wp-json\/wp\/v2\/product_tag?post=13475"}],"curies":[{"name":"wp","href":"https:\/\/api.w.org\/{rel}","templated":true}]}}