{"id":13474,"date":"2022-09-15T15:55:07","date_gmt":"2022-09-15T15:55:07","guid":{"rendered":"https:\/\/skin2go.r-s.space\/product\/scar-20-enforcer\/"},"modified":"2025-08-21T13:48:26","modified_gmt":"2025-08-21T13:48:26","slug":"scar-20-enforcer","status":"publish","type":"product","link":"https:\/\/skintrade.org\/pt-pt\/produto\/scar-20-enforcer\/","title":{"rendered":"Enforcer"},"content":{"rendered":"<p>O design da skin \u00e9 feito num estilo futurista. O corpo da espingarda \u00e9 pintado em v\u00e1rios tons de cinzento. A parte superior do receptor e o punho s\u00e3o pintados com um gradiente que inclui v\u00e1rios tons de roxo, rosa, amarelo e laranja.<\/p>\n","protected":false},"excerpt":{"rendered":"<p>O design da skin \u00e9 feito num estilo futurista. O corpo da espingarda \u00e9 pintado em v\u00e1rios tons de cinzento. A parte superior do receptor e o punho s\u00e3o pintados com um gradiente que inclui v\u00e1rios tons de roxo, rosa, amarelo e laranja.<\/p>\n","protected":false},"featured_media":12421,"template":"","meta":[],"product_brand":[],"product_cat":[283,269,339],"product_tag":[],"class_list":{"0":"post-13474","1":"product","2":"type-product","3":"status-publish","4":"has-post-thumbnail","6":"product_cat-a-colecao-prisma-2","7":"product_cat-espingarda","8":"product_cat-scar-20-pt-pt","9":"pa_rarity-restrito","10":"pa_start-four-stars-pt-pt","11":"pa_subcategories-scar-20-pt-pt","13":"first","14":"instock","15":"shipping-taxable","16":"purchasable","17":"product-type-simple"},"_links":{"self":[{"href":"https:\/\/skintrade.org\/pt-pt\/wp-json\/wp\/v2\/product\/13474","targetHints":{"allow":["GET"]}}],"collection":[{"href":"https:\/\/skintrade.org\/pt-pt\/wp-json\/wp\/v2\/product"}],"about":[{"href":"https:\/\/skintrade.org\/pt-pt\/wp-json\/wp\/v2\/types\/product"}],"wp:featuredmedia":[{"embeddable":true,"href":"https:\/\/skintrade.org\/pt-pt\/wp-json\/wp\/v2\/media\/12421"}],"wp:attachment":[{"href":"https:\/\/skintrade.org\/pt-pt\/wp-json\/wp\/v2\/media?parent=13474"}],"wp:term":[{"taxonomy":"product_brand","embeddable":true,"href":"https:\/\/skintrade.org\/pt-pt\/wp-json\/wp\/v2\/product_brand?post=13474"},{"taxonomy":"product_cat","embeddable":true,"href":"https:\/\/skintrade.org\/pt-pt\/wp-json\/wp\/v2\/product_cat?post=13474"},{"taxonomy":"product_tag","embeddable":true,"href":"https:\/\/skintrade.org\/pt-pt\/wp-json\/wp\/v2\/product_tag?post=13474"}],"curies":[{"name":"wp","href":"https:\/\/api.w.org\/{rel}","templated":true}]}}