{"id":13473,"date":"2022-09-15T15:52:24","date_gmt":"2022-09-15T15:52:24","guid":{"rendered":"https:\/\/skin2go.r-s.space\/product\/sawed-off-apocalypto\/"},"modified":"2025-08-21T13:48:00","modified_gmt":"2025-08-21T13:48:00","slug":"sawed-off-apocalypto","status":"publish","type":"product","link":"https:\/\/skintrade.org\/pt-pt\/produto\/sawed-off-apocalypto\/","title":{"rendered":"Apocalypto"},"content":{"rendered":"<p>O corpo da ca\u00e7adeira est\u00e1 pintado de forma irregular em v\u00e1rios tons de p\u00farpura e \u00e9 complementado por uma imagem de uma m\u00e3o em decomposi\u00e7\u00e3o azul-petr\u00f3leo que alcan\u00e7a um planeta semelhante a uma bomba. O design da skin \u00e9 complementado por pequenas imagens de estrelas e foguetes voadores no cano e no guarda-m\u00e3o.<\/p>\n","protected":false},"excerpt":{"rendered":"<p>O corpo da ca\u00e7adeira est\u00e1 pintado de forma irregular em v\u00e1rios tons de p\u00farpura e \u00e9 complementado por uma imagem de uma m\u00e3o em decomposi\u00e7\u00e3o azul-petr\u00f3leo que alcan\u00e7a um planeta semelhante a uma bomba. O design da skin \u00e9 complementado por pequenas imagens de estrelas e foguetes voadores no cano e no guarda-m\u00e3o.<\/p>\n","protected":false},"featured_media":12418,"template":"","meta":[],"product_brand":[],"product_cat":[283,294,299],"product_tag":[],"class_list":{"0":"post-13473","1":"product","2":"type-product","3":"status-publish","4":"has-post-thumbnail","6":"product_cat-a-colecao-prisma-2","7":"product_cat-arma-pesada","8":"product_cat-sawed-off-pt-pt","9":"pa_rarity-restrito","10":"pa_start-five-stars-pt-pt","11":"pa_subcategories-sawed-off-pt-pt","13":"first","14":"instock","15":"shipping-taxable","16":"purchasable","17":"product-type-simple"},"_links":{"self":[{"href":"https:\/\/skintrade.org\/pt-pt\/wp-json\/wp\/v2\/product\/13473","targetHints":{"allow":["GET"]}}],"collection":[{"href":"https:\/\/skintrade.org\/pt-pt\/wp-json\/wp\/v2\/product"}],"about":[{"href":"https:\/\/skintrade.org\/pt-pt\/wp-json\/wp\/v2\/types\/product"}],"wp:featuredmedia":[{"embeddable":true,"href":"https:\/\/skintrade.org\/pt-pt\/wp-json\/wp\/v2\/media\/12418"}],"wp:attachment":[{"href":"https:\/\/skintrade.org\/pt-pt\/wp-json\/wp\/v2\/media?parent=13473"}],"wp:term":[{"taxonomy":"product_brand","embeddable":true,"href":"https:\/\/skintrade.org\/pt-pt\/wp-json\/wp\/v2\/product_brand?post=13473"},{"taxonomy":"product_cat","embeddable":true,"href":"https:\/\/skintrade.org\/pt-pt\/wp-json\/wp\/v2\/product_cat?post=13473"},{"taxonomy":"product_tag","embeddable":true,"href":"https:\/\/skintrade.org\/pt-pt\/wp-json\/wp\/v2\/product_tag?post=13473"}],"curies":[{"name":"wp","href":"https:\/\/api.w.org\/{rel}","templated":true}]}}