{"id":13472,"date":"2022-09-15T16:01:13","date_gmt":"2022-09-15T16:01:13","guid":{"rendered":"https:\/\/skin2go.r-s.space\/product\/desert-eagle-blue-ply\/"},"modified":"2025-08-21T13:47:59","modified_gmt":"2025-08-21T13:47:59","slug":"desert-eagle-blue-ply","status":"publish","type":"product","link":"https:\/\/skintrade.org\/pt-pt\/produto\/desert-eagle-blue-ply\/","title":{"rendered":"Blue Ply"},"content":{"rendered":"<p>Todo o corpo da arma \u00e9 adornado com um padr\u00e3o que imita a textura da madeira. O esquema de cores do padr\u00e3o inclui v\u00e1rios tons de cinzento e azul. A inser\u00e7\u00e3o no punho \u00e9 pintada em tons de cinzento.<\/p>\n","protected":false},"excerpt":{"rendered":"<p>Todo o corpo da arma \u00e9 adornado com um padr\u00e3o que imita a textura da madeira. O esquema de cores do padr\u00e3o inclui v\u00e1rios tons de cinzento e azul. A inser\u00e7\u00e3o no punho \u00e9 pintada em tons de cinzento.<\/p>\n","protected":false},"featured_media":12427,"template":"","meta":[],"product_brand":[],"product_cat":[283,323,321],"product_tag":[],"class_list":{"0":"post-13472","1":"product","2":"type-product","3":"status-publish","4":"has-post-thumbnail","6":"product_cat-a-colecao-prisma-2","7":"product_cat-desert-eagle-pt-pt","8":"product_cat-pistolas","9":"pa_rarity-padrao-militar","10":"pa_start-two-stars-pt-pt","11":"pa_subcategories-desert-eagle-pt-pt","13":"first","14":"instock","15":"shipping-taxable","16":"purchasable","17":"product-type-simple"},"_links":{"self":[{"href":"https:\/\/skintrade.org\/pt-pt\/wp-json\/wp\/v2\/product\/13472","targetHints":{"allow":["GET"]}}],"collection":[{"href":"https:\/\/skintrade.org\/pt-pt\/wp-json\/wp\/v2\/product"}],"about":[{"href":"https:\/\/skintrade.org\/pt-pt\/wp-json\/wp\/v2\/types\/product"}],"wp:featuredmedia":[{"embeddable":true,"href":"https:\/\/skintrade.org\/pt-pt\/wp-json\/wp\/v2\/media\/12427"}],"wp:attachment":[{"href":"https:\/\/skintrade.org\/pt-pt\/wp-json\/wp\/v2\/media?parent=13472"}],"wp:term":[{"taxonomy":"product_brand","embeddable":true,"href":"https:\/\/skintrade.org\/pt-pt\/wp-json\/wp\/v2\/product_brand?post=13472"},{"taxonomy":"product_cat","embeddable":true,"href":"https:\/\/skintrade.org\/pt-pt\/wp-json\/wp\/v2\/product_cat?post=13472"},{"taxonomy":"product_tag","embeddable":true,"href":"https:\/\/skintrade.org\/pt-pt\/wp-json\/wp\/v2\/product_tag?post=13472"}],"curies":[{"name":"wp","href":"https:\/\/api.w.org\/{rel}","templated":true}]}}