{"id":13469,"date":"2022-09-15T16:06:34","date_gmt":"2022-09-15T16:06:34","guid":{"rendered":"https:\/\/skin2go.r-s.space\/product\/r8-revolver-bone-forged\/"},"modified":"2023-04-27T17:07:38","modified_gmt":"2023-04-27T17:07:38","slug":"r8-revolver-bone-forged","status":"publish","type":"product","link":"https:\/\/skintrade.org\/pt-pt\/produto\/r8-revolver-bone-forged\/","title":{"rendered":"Bone Forged"},"content":{"rendered":"<p>O corpo da pistola \u00e9 revestido de forma irregular com tinta de cobre e est\u00e1 pintado de forma angustiada. O cano e o tambor est\u00e3o decorados com um padr\u00e3o texturado em forma de grelha. O punho est\u00e1 decorado com uma gravura surrealista em prata que se assemelha a uma cabe\u00e7a de monstro.<\/p>\n","protected":false},"excerpt":{"rendered":"<p>O corpo da pistola \u00e9 revestido de forma irregular com tinta de cobre e est\u00e1 pintado de forma angustiada. O cano e o tambor est\u00e3o decorados com um padr\u00e3o texturado em forma de grelha. O punho est\u00e1 decorado com uma gravura surrealista em prata que se assemelha a uma cabe\u00e7a de monstro.<\/p>\n","protected":false},"featured_media":12433,"template":"","meta":[],"product_brand":[],"product_cat":[283,321,329],"product_tag":[],"class_list":{"0":"post-13469","1":"product","2":"type-product","3":"status-publish","4":"has-post-thumbnail","6":"product_cat-a-colecao-prisma-2","7":"product_cat-pistolas","8":"product_cat-r8-revolver-pt-pt","9":"pa_rarity-padrao-militar","10":"pa_start-three-stars-pt-pt","11":"pa_subcategories-r8-revolver-pt-pt","13":"first","14":"instock","15":"shipping-taxable","16":"purchasable","17":"product-type-simple"},"_links":{"self":[{"href":"https:\/\/skintrade.org\/pt-pt\/wp-json\/wp\/v2\/product\/13469","targetHints":{"allow":["GET"]}}],"collection":[{"href":"https:\/\/skintrade.org\/pt-pt\/wp-json\/wp\/v2\/product"}],"about":[{"href":"https:\/\/skintrade.org\/pt-pt\/wp-json\/wp\/v2\/types\/product"}],"wp:featuredmedia":[{"embeddable":true,"href":"https:\/\/skintrade.org\/pt-pt\/wp-json\/wp\/v2\/media\/12433"}],"wp:attachment":[{"href":"https:\/\/skintrade.org\/pt-pt\/wp-json\/wp\/v2\/media?parent=13469"}],"wp:term":[{"taxonomy":"product_brand","embeddable":true,"href":"https:\/\/skintrade.org\/pt-pt\/wp-json\/wp\/v2\/product_brand?post=13469"},{"taxonomy":"product_cat","embeddable":true,"href":"https:\/\/skintrade.org\/pt-pt\/wp-json\/wp\/v2\/product_cat?post=13469"},{"taxonomy":"product_tag","embeddable":true,"href":"https:\/\/skintrade.org\/pt-pt\/wp-json\/wp\/v2\/product_tag?post=13469"}],"curies":[{"name":"wp","href":"https:\/\/api.w.org\/{rel}","templated":true}]}}