{"id":13468,"date":"2022-09-15T16:09:24","date_gmt":"2022-09-15T16:09:24","guid":{"rendered":"https:\/\/skin2go.r-s.space\/product\/mp5-sd-desert-strike\/"},"modified":"2023-04-27T17:06:00","modified_gmt":"2023-04-27T17:06:00","slug":"mp5-sd-desert-strike","status":"publish","type":"product","link":"https:\/\/skintrade.org\/pt-pt\/produto\/mp5-sd-desert-strike\/","title":{"rendered":"Desert Strike"},"content":{"rendered":"<p>O corpo da submetralhadora \u00e9 revestido com tinta preta e complementado por elementos gr\u00e1ficos bege sob a forma de riscas e formas geom\u00e9tricas. O punho e a parte de tr\u00e1s do receptor s\u00e3o pintados de bege s\u00f3lido. A pega est\u00e1 decorada com um padr\u00e3o pontilhado texturado.<\/p>\n","protected":false},"excerpt":{"rendered":"<p>O corpo da submetralhadora \u00e9 revestido com tinta preta e complementado por elementos gr\u00e1ficos bege sob a forma de riscas e formas geom\u00e9tricas. O punho e a parte de tr\u00e1s do receptor s\u00e3o pintados de bege s\u00f3lido. A pega est\u00e1 decorada com um padr\u00e3o pontilhado texturado.<\/p>\n","protected":false},"featured_media":12436,"template":"","meta":[],"product_brand":[],"product_cat":[283,344,342],"product_tag":[],"class_list":{"0":"post-13468","1":"product","2":"type-product","3":"status-publish","4":"has-post-thumbnail","6":"product_cat-a-colecao-prisma-2","7":"product_cat-mp5-sd-pt-pt","8":"product_cat-submetralhadoras","9":"pa_rarity-padrao-militar","10":"pa_start-two-stars-pt-pt","11":"pa_subcategories-mp5-sd-pt-pt","13":"first","14":"instock","15":"shipping-taxable","16":"purchasable","17":"product-type-simple"},"_links":{"self":[{"href":"https:\/\/skintrade.org\/pt-pt\/wp-json\/wp\/v2\/product\/13468","targetHints":{"allow":["GET"]}}],"collection":[{"href":"https:\/\/skintrade.org\/pt-pt\/wp-json\/wp\/v2\/product"}],"about":[{"href":"https:\/\/skintrade.org\/pt-pt\/wp-json\/wp\/v2\/types\/product"}],"wp:featuredmedia":[{"embeddable":true,"href":"https:\/\/skintrade.org\/pt-pt\/wp-json\/wp\/v2\/media\/12436"}],"wp:attachment":[{"href":"https:\/\/skintrade.org\/pt-pt\/wp-json\/wp\/v2\/media?parent=13468"}],"wp:term":[{"taxonomy":"product_brand","embeddable":true,"href":"https:\/\/skintrade.org\/pt-pt\/wp-json\/wp\/v2\/product_brand?post=13468"},{"taxonomy":"product_cat","embeddable":true,"href":"https:\/\/skintrade.org\/pt-pt\/wp-json\/wp\/v2\/product_cat?post=13468"},{"taxonomy":"product_tag","embeddable":true,"href":"https:\/\/skintrade.org\/pt-pt\/wp-json\/wp\/v2\/product_tag?post=13468"}],"curies":[{"name":"wp","href":"https:\/\/api.w.org\/{rel}","templated":true}]}}