{"id":13467,"date":"2022-09-15T16:12:47","date_gmt":"2022-09-15T16:12:47","guid":{"rendered":"https:\/\/skin2go.r-s.space\/product\/negev-prototype\/"},"modified":"2023-04-27T17:04:29","modified_gmt":"2023-04-27T17:04:29","slug":"negev-prototype","status":"publish","type":"product","link":"https:\/\/skintrade.org\/pt-pt\/produto\/negev-prototype\/","title":{"rendered":"Prototype"},"content":{"rendered":"<p>O corpo da metralhadora \u00e9 revestido com placas de metal brancas e cinzentas. As placas brancas est\u00e3o parcialmente decoradas com um padr\u00e3o de riscas diagonais vermelhas. O design \u00e9 complementado por acentos sob a forma de inscri\u00e7\u00f5es t\u00e9cnicas.<\/p>\n","protected":false},"excerpt":{"rendered":"<p>O corpo da metralhadora \u00e9 revestido com placas de metal brancas e cinzentas. As placas brancas est\u00e3o parcialmente decoradas com um padr\u00e3o de riscas diagonais vermelhas. O design \u00e9 complementado por acentos sob a forma de inscri\u00e7\u00f5es t\u00e9cnicas.<\/p>\n","protected":false},"featured_media":12439,"template":"","meta":[],"product_brand":[],"product_cat":[283,294,297],"product_tag":[],"class_list":{"0":"post-13467","1":"product","2":"type-product","3":"status-publish","4":"has-post-thumbnail","6":"product_cat-a-colecao-prisma-2","7":"product_cat-arma-pesada","8":"product_cat-negev-pt-pt","9":"pa_rarity-padrao-militar","10":"pa_start-one-star-pt-pt","11":"pa_subcategories-negev-pt-pt","13":"first","14":"instock","15":"shipping-taxable","16":"purchasable","17":"product-type-simple"},"_links":{"self":[{"href":"https:\/\/skintrade.org\/pt-pt\/wp-json\/wp\/v2\/product\/13467","targetHints":{"allow":["GET"]}}],"collection":[{"href":"https:\/\/skintrade.org\/pt-pt\/wp-json\/wp\/v2\/product"}],"about":[{"href":"https:\/\/skintrade.org\/pt-pt\/wp-json\/wp\/v2\/types\/product"}],"wp:featuredmedia":[{"embeddable":true,"href":"https:\/\/skintrade.org\/pt-pt\/wp-json\/wp\/v2\/media\/12439"}],"wp:attachment":[{"href":"https:\/\/skintrade.org\/pt-pt\/wp-json\/wp\/v2\/media?parent=13467"}],"wp:term":[{"taxonomy":"product_brand","embeddable":true,"href":"https:\/\/skintrade.org\/pt-pt\/wp-json\/wp\/v2\/product_brand?post=13467"},{"taxonomy":"product_cat","embeddable":true,"href":"https:\/\/skintrade.org\/pt-pt\/wp-json\/wp\/v2\/product_cat?post=13467"},{"taxonomy":"product_tag","embeddable":true,"href":"https:\/\/skintrade.org\/pt-pt\/wp-json\/wp\/v2\/product_tag?post=13467"}],"curies":[{"name":"wp","href":"https:\/\/api.w.org\/{rel}","templated":true}]}}