{"id":13466,"date":"2022-09-15T16:15:27","date_gmt":"2022-09-15T16:15:27","guid":{"rendered":"https:\/\/skin2go.r-s.space\/product\/cz75-auto-distressed\/"},"modified":"2023-04-27T17:03:09","modified_gmt":"2023-04-27T17:03:09","slug":"cz75-auto-distressed","status":"publish","type":"product","link":"https:\/\/skintrade.org\/pt-pt\/produto\/cz75-auto-distressed\/","title":{"rendered":"Distressed"},"content":{"rendered":"<p>O corpo da pistola \u00e9 revestido de forma irregular com tinta de cobre e est\u00e1 desgastado. O punho \u00e9 completado por uma placa texturada. O cano, o carregador e pequenas partes individuais do casco n\u00e3o est\u00e3o pintados.<\/p>\n","protected":false},"excerpt":{"rendered":"<p>O corpo da pistola \u00e9 revestido de forma irregular com tinta de cobre e est\u00e1 desgastado. O punho \u00e9 completado por uma placa texturada. O cano, o carregador e pequenas partes individuais do casco n\u00e3o est\u00e3o pintados.<\/p>\n","protected":false},"featured_media":12442,"template":"","meta":[],"product_brand":[],"product_cat":[283,322,321],"product_tag":[],"class_list":{"0":"post-13466","1":"product","2":"type-product","3":"status-publish","4":"has-post-thumbnail","6":"product_cat-a-colecao-prisma-2","7":"product_cat-cz75-auto-pt-pt","8":"product_cat-pistolas","9":"pa_rarity-padrao-militar","10":"pa_start-four-stars-pt-pt","11":"pa_subcategories-cz75-auto-pt-pt","13":"first","14":"instock","15":"shipping-taxable","16":"purchasable","17":"product-type-simple"},"_links":{"self":[{"href":"https:\/\/skintrade.org\/pt-pt\/wp-json\/wp\/v2\/product\/13466","targetHints":{"allow":["GET"]}}],"collection":[{"href":"https:\/\/skintrade.org\/pt-pt\/wp-json\/wp\/v2\/product"}],"about":[{"href":"https:\/\/skintrade.org\/pt-pt\/wp-json\/wp\/v2\/types\/product"}],"wp:featuredmedia":[{"embeddable":true,"href":"https:\/\/skintrade.org\/pt-pt\/wp-json\/wp\/v2\/media\/12442"}],"wp:attachment":[{"href":"https:\/\/skintrade.org\/pt-pt\/wp-json\/wp\/v2\/media?parent=13466"}],"wp:term":[{"taxonomy":"product_brand","embeddable":true,"href":"https:\/\/skintrade.org\/pt-pt\/wp-json\/wp\/v2\/product_brand?post=13466"},{"taxonomy":"product_cat","embeddable":true,"href":"https:\/\/skintrade.org\/pt-pt\/wp-json\/wp\/v2\/product_cat?post=13466"},{"taxonomy":"product_tag","embeddable":true,"href":"https:\/\/skintrade.org\/pt-pt\/wp-json\/wp\/v2\/product_tag?post=13466"}],"curies":[{"name":"wp","href":"https:\/\/api.w.org\/{rel}","templated":true}]}}