{"id":13464,"date":"2022-09-15T17:12:16","date_gmt":"2022-09-15T17:12:16","guid":{"rendered":"https:\/\/skin2go.r-s.space\/product\/bayonet-lore\/"},"modified":"2025-08-21T13:47:52","modified_gmt":"2025-08-21T13:47:52","slug":"bayonet-lore","status":"publish","type":"product","link":"https:\/\/skintrade.org\/pt-pt\/produto\/bayonet-lore\/","title":{"rendered":"Lore"},"content":{"rendered":"<p>A l\u00e2mina da faca \u00e9 revestida com tinta met\u00e1lica dourada e adornada com um padr\u00e3o medieval transl\u00facido. O gume \u00e9 decorado com um ornamento celta pintado de amarelo-laranja com contornos castanhos escuros. O cabo \u00e9 pintado de verde-escuro e a guarda permanece sem pintura<\/p>\n","protected":false},"excerpt":{"rendered":"<p>A l\u00e2mina da faca \u00e9 revestida com tinta met\u00e1lica dourada e adornada com um padr\u00e3o medieval transl\u00facido. O gume \u00e9 decorado com um ornamento celta pintado de amarelo-laranja com contornos castanhos escuros. O cabo \u00e9 pintado de verde-escuro e a guarda permanece sem pintura<\/p>\n","protected":false},"featured_media":12448,"template":"","meta":[],"product_brand":[],"product_cat":[302,301],"product_tag":[],"class_list":{"0":"post-13464","1":"product","2":"type-product","3":"status-publish","4":"has-post-thumbnail","6":"product_cat-bayonet-pt-pt","7":"product_cat-facas","8":"pa_rarity-secreto","9":"pa_start-four-stars-pt-pt","10":"pa_subcategories-bayonet-pt-pt","12":"first","13":"instock","14":"shipping-taxable","15":"purchasable","16":"product-type-simple"},"_links":{"self":[{"href":"https:\/\/skintrade.org\/pt-pt\/wp-json\/wp\/v2\/product\/13464","targetHints":{"allow":["GET"]}}],"collection":[{"href":"https:\/\/skintrade.org\/pt-pt\/wp-json\/wp\/v2\/product"}],"about":[{"href":"https:\/\/skintrade.org\/pt-pt\/wp-json\/wp\/v2\/types\/product"}],"wp:featuredmedia":[{"embeddable":true,"href":"https:\/\/skintrade.org\/pt-pt\/wp-json\/wp\/v2\/media\/12448"}],"wp:attachment":[{"href":"https:\/\/skintrade.org\/pt-pt\/wp-json\/wp\/v2\/media?parent=13464"}],"wp:term":[{"taxonomy":"product_brand","embeddable":true,"href":"https:\/\/skintrade.org\/pt-pt\/wp-json\/wp\/v2\/product_brand?post=13464"},{"taxonomy":"product_cat","embeddable":true,"href":"https:\/\/skintrade.org\/pt-pt\/wp-json\/wp\/v2\/product_cat?post=13464"},{"taxonomy":"product_tag","embeddable":true,"href":"https:\/\/skintrade.org\/pt-pt\/wp-json\/wp\/v2\/product_tag?post=13464"}],"curies":[{"name":"wp","href":"https:\/\/api.w.org\/{rel}","templated":true}]}}