{"id":13461,"date":"2022-09-15T17:27:57","date_gmt":"2022-09-15T17:27:57","guid":{"rendered":"https:\/\/skin2go.r-s.space\/product\/bayonet-ultraviolet-2\/"},"modified":"2025-08-21T13:47:52","modified_gmt":"2025-08-21T13:47:52","slug":"bayonet-ultraviolet-2","status":"publish","type":"product","link":"https:\/\/skintrade.org\/pt-pt\/produto\/bayonet-ultraviolet-2\/","title":{"rendered":"Ultraviolet"},"content":{"rendered":"<p>A skin assemelha-se a uma vers\u00e3o mais brilhante de Bayonet | Night. A l\u00e2mina da faca e a protec\u00e7\u00e3o s\u00e3o pintadas de preto. O cabo \u00e9 pintado de roxo.<\/p>\n","protected":false},"excerpt":{"rendered":"<p>A skin assemelha-se a uma vers\u00e3o mais brilhante de Bayonet | Night. A l\u00e2mina da faca e a protec\u00e7\u00e3o s\u00e3o pintadas de preto. O cabo \u00e9 pintado de roxo.<\/p>\n","protected":false},"featured_media":12451,"template":"","meta":[],"product_brand":[],"product_cat":[302,301],"product_tag":[],"class_list":{"0":"post-13461","1":"product","2":"type-product","3":"status-publish","4":"has-post-thumbnail","6":"product_cat-bayonet-pt-pt","7":"product_cat-facas","8":"pa_rarity-secreto","9":"pa_start-four-stars-pt-pt","10":"pa_subcategories-bayonet-pt-pt","12":"first","13":"instock","14":"shipping-taxable","15":"purchasable","16":"product-type-simple"},"_links":{"self":[{"href":"https:\/\/skintrade.org\/pt-pt\/wp-json\/wp\/v2\/product\/13461","targetHints":{"allow":["GET"]}}],"collection":[{"href":"https:\/\/skintrade.org\/pt-pt\/wp-json\/wp\/v2\/product"}],"about":[{"href":"https:\/\/skintrade.org\/pt-pt\/wp-json\/wp\/v2\/types\/product"}],"wp:featuredmedia":[{"embeddable":true,"href":"https:\/\/skintrade.org\/pt-pt\/wp-json\/wp\/v2\/media\/12451"}],"wp:attachment":[{"href":"https:\/\/skintrade.org\/pt-pt\/wp-json\/wp\/v2\/media?parent=13461"}],"wp:term":[{"taxonomy":"product_brand","embeddable":true,"href":"https:\/\/skintrade.org\/pt-pt\/wp-json\/wp\/v2\/product_brand?post=13461"},{"taxonomy":"product_cat","embeddable":true,"href":"https:\/\/skintrade.org\/pt-pt\/wp-json\/wp\/v2\/product_cat?post=13461"},{"taxonomy":"product_tag","embeddable":true,"href":"https:\/\/skintrade.org\/pt-pt\/wp-json\/wp\/v2\/product_tag?post=13461"}],"curies":[{"name":"wp","href":"https:\/\/api.w.org\/{rel}","templated":true}]}}