{"id":13459,"date":"2022-09-15T17:39:14","date_gmt":"2022-09-15T17:39:14","guid":{"rendered":"https:\/\/skin2go.r-s.space\/product\/bowie-knife-autotronic\/"},"modified":"2025-08-21T13:47:52","modified_gmt":"2025-08-21T13:47:52","slug":"bowie-knife-autotronic","status":"publish","type":"product","link":"https:\/\/skintrade.org\/pt-pt\/produto\/bowie-knife-autotronic\/","title":{"rendered":"Autotronic"},"content":{"rendered":"<p>A l\u00e2mina de a\u00e7o \u00e9 parcialmente revestida com tinta vermelha transl\u00facida. O cabo preto tem inser\u00e7\u00f5es de malha met\u00e1lica<\/p>\n","protected":false},"excerpt":{"rendered":"<p>A l\u00e2mina de a\u00e7o \u00e9 parcialmente revestida com tinta vermelha transl\u00facida. O cabo preto tem inser\u00e7\u00f5es de malha met\u00e1lica<\/p>\n","protected":false},"featured_media":12466,"template":"","meta":[],"product_brand":[],"product_cat":[303,301],"product_tag":[],"class_list":{"0":"post-13459","1":"product","2":"type-product","3":"status-publish","4":"has-post-thumbnail","6":"product_cat-faca-bowie","7":"product_cat-facas","8":"pa_rarity-secreto","9":"pa_start-four-stars-pt-pt","10":"pa_subcategories-faca-bowie","12":"first","13":"instock","14":"shipping-taxable","15":"purchasable","16":"product-type-simple"},"_links":{"self":[{"href":"https:\/\/skintrade.org\/pt-pt\/wp-json\/wp\/v2\/product\/13459","targetHints":{"allow":["GET"]}}],"collection":[{"href":"https:\/\/skintrade.org\/pt-pt\/wp-json\/wp\/v2\/product"}],"about":[{"href":"https:\/\/skintrade.org\/pt-pt\/wp-json\/wp\/v2\/types\/product"}],"wp:featuredmedia":[{"embeddable":true,"href":"https:\/\/skintrade.org\/pt-pt\/wp-json\/wp\/v2\/media\/12466"}],"wp:attachment":[{"href":"https:\/\/skintrade.org\/pt-pt\/wp-json\/wp\/v2\/media?parent=13459"}],"wp:term":[{"taxonomy":"product_brand","embeddable":true,"href":"https:\/\/skintrade.org\/pt-pt\/wp-json\/wp\/v2\/product_brand?post=13459"},{"taxonomy":"product_cat","embeddable":true,"href":"https:\/\/skintrade.org\/pt-pt\/wp-json\/wp\/v2\/product_cat?post=13459"},{"taxonomy":"product_tag","embeddable":true,"href":"https:\/\/skintrade.org\/pt-pt\/wp-json\/wp\/v2\/product_tag?post=13459"}],"curies":[{"name":"wp","href":"https:\/\/api.w.org\/{rel}","templated":true}]}}