{"id":13457,"date":"2022-09-15T17:41:28","date_gmt":"2022-09-15T17:41:28","guid":{"rendered":"https:\/\/skin2go.r-s.space\/product\/bowie-knife-safari-mesh\/"},"modified":"2025-08-21T13:47:58","modified_gmt":"2025-08-21T13:47:58","slug":"bowie-knife-safari-mesh","status":"publish","type":"product","link":"https:\/\/skintrade.org\/pt-pt\/produto\/bowie-knife-safari-mesh\/","title":{"rendered":"Safari Mesh"},"content":{"rendered":"<p>Todo o corpo da faca, incluindo o punho e a guarda, \u00e9 pintado com spray em bege e caqui, utilizando uma rede de veda\u00e7\u00e3o como est\u00eancil.<\/p>\n","protected":false},"excerpt":{"rendered":"<p>Todo o corpo da faca, incluindo o punho e a guarda, \u00e9 pintado com spray em bege e caqui, utilizando uma rede de veda\u00e7\u00e3o como est\u00eancil.<\/p>\n","protected":false},"featured_media":12469,"template":"","meta":[],"product_brand":[],"product_cat":[303,301],"product_tag":[],"class_list":{"0":"post-13457","1":"product","2":"type-product","3":"status-publish","4":"has-post-thumbnail","6":"product_cat-faca-bowie","7":"product_cat-facas","8":"pa_rarity-secreto","9":"pa_start-three-stars-pt-pt","10":"pa_subcategories-faca-bowie","12":"first","13":"instock","14":"shipping-taxable","15":"purchasable","16":"product-type-simple"},"_links":{"self":[{"href":"https:\/\/skintrade.org\/pt-pt\/wp-json\/wp\/v2\/product\/13457","targetHints":{"allow":["GET"]}}],"collection":[{"href":"https:\/\/skintrade.org\/pt-pt\/wp-json\/wp\/v2\/product"}],"about":[{"href":"https:\/\/skintrade.org\/pt-pt\/wp-json\/wp\/v2\/types\/product"}],"wp:featuredmedia":[{"embeddable":true,"href":"https:\/\/skintrade.org\/pt-pt\/wp-json\/wp\/v2\/media\/12469"}],"wp:attachment":[{"href":"https:\/\/skintrade.org\/pt-pt\/wp-json\/wp\/v2\/media?parent=13457"}],"wp:term":[{"taxonomy":"product_brand","embeddable":true,"href":"https:\/\/skintrade.org\/pt-pt\/wp-json\/wp\/v2\/product_brand?post=13457"},{"taxonomy":"product_cat","embeddable":true,"href":"https:\/\/skintrade.org\/pt-pt\/wp-json\/wp\/v2\/product_cat?post=13457"},{"taxonomy":"product_tag","embeddable":true,"href":"https:\/\/skintrade.org\/pt-pt\/wp-json\/wp\/v2\/product_tag?post=13457"}],"curies":[{"name":"wp","href":"https:\/\/api.w.org\/{rel}","templated":true}]}}