{"id":13456,"date":"2022-09-15T17:44:02","date_gmt":"2022-09-15T17:44:02","guid":{"rendered":"https:\/\/skin2go.r-s.space\/product\/bowie-knife-damascus-steel\/"},"modified":"2025-08-21T13:47:25","modified_gmt":"2025-08-21T13:47:25","slug":"bowie-knife-damascus-steel","status":"publish","type":"product","link":"https:\/\/skintrade.org\/pt-pt\/produto\/bowie-knife-damascus-steel\/","title":{"rendered":"Damascus Steel"},"content":{"rendered":"<p>Uma p\u00e1tina \u00e9 uma reac\u00e7\u00e3o qu\u00edmica que forma um inv\u00f3lucro n\u00e3o reactivo e endurecido sobre pe\u00e7as met\u00e1licas. As p\u00e1tinas de armas reais incluem o endurecimento de caixas, o azulamento a frio e as p\u00e1tinas for\u00e7adas com \u00e1cido. A cor prim\u00e1ria desta skin \u00e9 composta por uma tonalidade branca.<\/p>\n","protected":false},"excerpt":{"rendered":"<p>Uma p\u00e1tina \u00e9 uma reac\u00e7\u00e3o qu\u00edmica que forma um inv\u00f3lucro n\u00e3o reactivo e endurecido sobre pe\u00e7as met\u00e1licas. As p\u00e1tinas de armas reais incluem o endurecimento de caixas, o azulamento a frio e as p\u00e1tinas for\u00e7adas com \u00e1cido. A cor prim\u00e1ria desta skin \u00e9 composta por uma tonalidade branca.<\/p>\n","protected":false},"featured_media":12472,"template":"","meta":[],"product_brand":[],"product_cat":[303,301],"product_tag":[],"class_list":{"0":"post-13456","1":"product","2":"type-product","3":"status-publish","4":"has-post-thumbnail","6":"product_cat-faca-bowie","7":"product_cat-facas","8":"pa_rarity-secreto","9":"pa_start-five-stars-pt-pt","10":"pa_subcategories-faca-bowie","12":"first","13":"instock","14":"shipping-taxable","15":"purchasable","16":"product-type-simple"},"_links":{"self":[{"href":"https:\/\/skintrade.org\/pt-pt\/wp-json\/wp\/v2\/product\/13456","targetHints":{"allow":["GET"]}}],"collection":[{"href":"https:\/\/skintrade.org\/pt-pt\/wp-json\/wp\/v2\/product"}],"about":[{"href":"https:\/\/skintrade.org\/pt-pt\/wp-json\/wp\/v2\/types\/product"}],"wp:featuredmedia":[{"embeddable":true,"href":"https:\/\/skintrade.org\/pt-pt\/wp-json\/wp\/v2\/media\/12472"}],"wp:attachment":[{"href":"https:\/\/skintrade.org\/pt-pt\/wp-json\/wp\/v2\/media?parent=13456"}],"wp:term":[{"taxonomy":"product_brand","embeddable":true,"href":"https:\/\/skintrade.org\/pt-pt\/wp-json\/wp\/v2\/product_brand?post=13456"},{"taxonomy":"product_cat","embeddable":true,"href":"https:\/\/skintrade.org\/pt-pt\/wp-json\/wp\/v2\/product_cat?post=13456"},{"taxonomy":"product_tag","embeddable":true,"href":"https:\/\/skintrade.org\/pt-pt\/wp-json\/wp\/v2\/product_tag?post=13456"}],"curies":[{"name":"wp","href":"https:\/\/api.w.org\/{rel}","templated":true}]}}