{"id":13453,"date":"2022-09-15T17:52:44","date_gmt":"2022-09-15T17:52:44","guid":{"rendered":"https:\/\/skin2go.r-s.space\/product\/butterfly-knife-night\/"},"modified":"2025-08-21T13:47:21","modified_gmt":"2025-08-21T13:47:21","slug":"butterfly-knife-night","status":"publish","type":"product","link":"https:\/\/skintrade.org\/pt-pt\/produto\/butterfly-knife-night\/","title":{"rendered":"Night"},"content":{"rendered":"<p>A l\u00e2mina da Faca Butterfly | Night \u00e9 pintada num tom azul escuro que lembra a cor do c\u00e9u nocturno. O cabo preto \u00e9 complementado com inser\u00e7\u00f5es em cinzento escuro.<\/p>\n","protected":false},"excerpt":{"rendered":"<p>A l\u00e2mina da Faca Butterfly | Night \u00e9 pintada num tom azul escuro que lembra a cor do c\u00e9u nocturno. O cabo preto \u00e9 complementado com inser\u00e7\u00f5es em cinzento escuro.<\/p>\n","protected":false},"featured_media":12481,"template":"","meta":[],"product_brand":[],"product_cat":[304,301],"product_tag":[],"class_list":{"0":"post-13453","1":"product","2":"type-product","3":"status-publish","4":"has-post-thumbnail","6":"product_cat-faca-butterfly","7":"product_cat-facas","8":"pa_rarity-secreto","9":"pa_subcategories-faca-butterfly","11":"first","12":"instock","13":"shipping-taxable","14":"purchasable","15":"product-type-simple"},"_links":{"self":[{"href":"https:\/\/skintrade.org\/pt-pt\/wp-json\/wp\/v2\/product\/13453","targetHints":{"allow":["GET"]}}],"collection":[{"href":"https:\/\/skintrade.org\/pt-pt\/wp-json\/wp\/v2\/product"}],"about":[{"href":"https:\/\/skintrade.org\/pt-pt\/wp-json\/wp\/v2\/types\/product"}],"wp:featuredmedia":[{"embeddable":true,"href":"https:\/\/skintrade.org\/pt-pt\/wp-json\/wp\/v2\/media\/12481"}],"wp:attachment":[{"href":"https:\/\/skintrade.org\/pt-pt\/wp-json\/wp\/v2\/media?parent=13453"}],"wp:term":[{"taxonomy":"product_brand","embeddable":true,"href":"https:\/\/skintrade.org\/pt-pt\/wp-json\/wp\/v2\/product_brand?post=13453"},{"taxonomy":"product_cat","embeddable":true,"href":"https:\/\/skintrade.org\/pt-pt\/wp-json\/wp\/v2\/product_cat?post=13453"},{"taxonomy":"product_tag","embeddable":true,"href":"https:\/\/skintrade.org\/pt-pt\/wp-json\/wp\/v2\/product_tag?post=13453"}],"curies":[{"name":"wp","href":"https:\/\/api.w.org\/{rel}","templated":true}]}}