{"id":13452,"date":"2022-09-15T17:54:50","date_gmt":"2022-09-15T17:54:50","guid":{"rendered":"https:\/\/skin2go.r-s.space\/product\/butterfly-knife-slaughter\/"},"modified":"2025-08-21T13:47:22","modified_gmt":"2025-08-21T13:47:22","slug":"butterfly-knife-slaughter","status":"publish","type":"product","link":"https:\/\/skintrade.org\/pt-pt\/produto\/butterfly-knife-slaughter\/","title":{"rendered":"Slaughter"},"content":{"rendered":"<p>A l\u00e2mina da faca \u00e9 adornada com um padr\u00e3o abstracto feito com tintas de alum\u00ednio e cromadas e revestida com tinta transl\u00facida vermelha. O cabo n\u00e3o \u00e9 pintado e \u00e9 complementado com inser\u00e7\u00f5es em vermelho escuro.<\/p>\n","protected":false},"excerpt":{"rendered":"<p>A l\u00e2mina da faca \u00e9 adornada com um padr\u00e3o abstracto feito com tintas de alum\u00ednio e cromadas e revestida com tinta transl\u00facida vermelha. O cabo n\u00e3o \u00e9 pintado e \u00e9 complementado com inser\u00e7\u00f5es em vermelho escuro.<\/p>\n","protected":false},"featured_media":12484,"template":"","meta":[],"product_brand":[],"product_cat":[304,301],"product_tag":[],"class_list":{"0":"post-13452","1":"product","2":"type-product","3":"status-publish","4":"has-post-thumbnail","6":"product_cat-faca-butterfly","7":"product_cat-facas","8":"pa_rarity-secreto","9":"pa_start-five-stars-pt-pt","10":"pa_subcategories-faca-butterfly","12":"first","13":"instock","14":"shipping-taxable","15":"purchasable","16":"product-type-simple"},"_links":{"self":[{"href":"https:\/\/skintrade.org\/pt-pt\/wp-json\/wp\/v2\/product\/13452","targetHints":{"allow":["GET"]}}],"collection":[{"href":"https:\/\/skintrade.org\/pt-pt\/wp-json\/wp\/v2\/product"}],"about":[{"href":"https:\/\/skintrade.org\/pt-pt\/wp-json\/wp\/v2\/types\/product"}],"wp:featuredmedia":[{"embeddable":true,"href":"https:\/\/skintrade.org\/pt-pt\/wp-json\/wp\/v2\/media\/12484"}],"wp:attachment":[{"href":"https:\/\/skintrade.org\/pt-pt\/wp-json\/wp\/v2\/media?parent=13452"}],"wp:term":[{"taxonomy":"product_brand","embeddable":true,"href":"https:\/\/skintrade.org\/pt-pt\/wp-json\/wp\/v2\/product_brand?post=13452"},{"taxonomy":"product_cat","embeddable":true,"href":"https:\/\/skintrade.org\/pt-pt\/wp-json\/wp\/v2\/product_cat?post=13452"},{"taxonomy":"product_tag","embeddable":true,"href":"https:\/\/skintrade.org\/pt-pt\/wp-json\/wp\/v2\/product_tag?post=13452"}],"curies":[{"name":"wp","href":"https:\/\/api.w.org\/{rel}","templated":true}]}}