{"id":13449,"date":"2022-09-15T17:59:44","date_gmt":"2022-09-15T17:59:44","guid":{"rendered":"https:\/\/skin2go.r-s.space\/product\/classic-knife-vanilla\/"},"modified":"2023-04-27T15:57:43","modified_gmt":"2023-04-27T15:57:43","slug":"classic-knife-vanilla","status":"publish","type":"product","link":"https:\/\/skintrade.org\/pt-pt\/produto\/classic-knife-vanilla\/","title":{"rendered":"Vanilla"},"content":{"rendered":"<p>A l\u00e2mina, a protec\u00e7\u00e3o e o cabo n\u00e3o est\u00e3o pintados. A l\u00e2mina \u00e9 decorada com um padr\u00e3o ondulado localizado ao longo do gume.<\/p>\n","protected":false},"excerpt":{"rendered":"<p>A l\u00e2mina, a protec\u00e7\u00e3o e o cabo n\u00e3o est\u00e3o pintados. A l\u00e2mina \u00e9 decorada com um padr\u00e3o ondulado localizado ao longo do gume.<\/p>\n","protected":false},"featured_media":12490,"template":"","meta":[],"product_brand":[],"product_cat":[305,301],"product_tag":[],"class_list":{"0":"post-13449","1":"product","2":"type-product","3":"status-publish","4":"has-post-thumbnail","6":"product_cat-faca-classica","7":"product_cat-facas","8":"pa_rarity-secreto","9":"pa_start-two-stars-pt-pt","10":"pa_subcategories-faca-classica","12":"first","13":"instock","14":"shipping-taxable","15":"purchasable","16":"product-type-simple"},"_links":{"self":[{"href":"https:\/\/skintrade.org\/pt-pt\/wp-json\/wp\/v2\/product\/13449","targetHints":{"allow":["GET"]}}],"collection":[{"href":"https:\/\/skintrade.org\/pt-pt\/wp-json\/wp\/v2\/product"}],"about":[{"href":"https:\/\/skintrade.org\/pt-pt\/wp-json\/wp\/v2\/types\/product"}],"wp:featuredmedia":[{"embeddable":true,"href":"https:\/\/skintrade.org\/pt-pt\/wp-json\/wp\/v2\/media\/12490"}],"wp:attachment":[{"href":"https:\/\/skintrade.org\/pt-pt\/wp-json\/wp\/v2\/media?parent=13449"}],"wp:term":[{"taxonomy":"product_brand","embeddable":true,"href":"https:\/\/skintrade.org\/pt-pt\/wp-json\/wp\/v2\/product_brand?post=13449"},{"taxonomy":"product_cat","embeddable":true,"href":"https:\/\/skintrade.org\/pt-pt\/wp-json\/wp\/v2\/product_cat?post=13449"},{"taxonomy":"product_tag","embeddable":true,"href":"https:\/\/skintrade.org\/pt-pt\/wp-json\/wp\/v2\/product_tag?post=13449"}],"curies":[{"name":"wp","href":"https:\/\/api.w.org\/{rel}","templated":true}]}}