{"id":13446,"date":"2022-09-15T18:04:51","date_gmt":"2022-09-15T18:04:51","guid":{"rendered":"https:\/\/skin2go.r-s.space\/product\/classic-knife-forest-ddpat\/"},"modified":"2025-08-21T13:47:19","modified_gmt":"2025-08-21T13:47:19","slug":"classic-knife-forest-ddpat","status":"publish","type":"product","link":"https:\/\/skintrade.org\/pt-pt\/produto\/classic-knife-forest-ddpat\/","title":{"rendered":"Forest DDPAT"},"content":{"rendered":"<p>A l\u00e2mina da faca \u00e9 adornada com um padr\u00e3o de camuflagem pixelizada. O esquema de cores do padr\u00e3o \u00e9 t\u00edpico da camuflagem florestal e inclui o verde, o caqui, o bege e o castanho. O cabo \u00e9 pintado de verde escuro e a guarda \u00e9 castanha.<\/p>\n","protected":false},"excerpt":{"rendered":"<p>A l\u00e2mina da faca \u00e9 adornada com um padr\u00e3o de camuflagem pixelizada. O esquema de cores do padr\u00e3o \u00e9 t\u00edpico da camuflagem florestal e inclui o verde, o caqui, o bege e o castanho. O cabo \u00e9 pintado de verde escuro e a guarda \u00e9 castanha.<\/p>\n","protected":false},"featured_media":12496,"template":"","meta":[],"product_brand":[],"product_cat":[305,301],"product_tag":[],"class_list":{"0":"post-13446","1":"product","2":"type-product","3":"status-publish","4":"has-post-thumbnail","6":"product_cat-faca-classica","7":"product_cat-facas","8":"pa_rarity-secreto","9":"pa_subcategories-faca-classica","11":"first","12":"instock","13":"shipping-taxable","14":"purchasable","15":"product-type-simple"},"_links":{"self":[{"href":"https:\/\/skintrade.org\/pt-pt\/wp-json\/wp\/v2\/product\/13446","targetHints":{"allow":["GET"]}}],"collection":[{"href":"https:\/\/skintrade.org\/pt-pt\/wp-json\/wp\/v2\/product"}],"about":[{"href":"https:\/\/skintrade.org\/pt-pt\/wp-json\/wp\/v2\/types\/product"}],"wp:featuredmedia":[{"embeddable":true,"href":"https:\/\/skintrade.org\/pt-pt\/wp-json\/wp\/v2\/media\/12496"}],"wp:attachment":[{"href":"https:\/\/skintrade.org\/pt-pt\/wp-json\/wp\/v2\/media?parent=13446"}],"wp:term":[{"taxonomy":"product_brand","embeddable":true,"href":"https:\/\/skintrade.org\/pt-pt\/wp-json\/wp\/v2\/product_brand?post=13446"},{"taxonomy":"product_cat","embeddable":true,"href":"https:\/\/skintrade.org\/pt-pt\/wp-json\/wp\/v2\/product_cat?post=13446"},{"taxonomy":"product_tag","embeddable":true,"href":"https:\/\/skintrade.org\/pt-pt\/wp-json\/wp\/v2\/product_tag?post=13446"}],"curies":[{"name":"wp","href":"https:\/\/api.w.org\/{rel}","templated":true}]}}