{"id":13442,"date":"2022-09-16T08:46:17","date_gmt":"2022-09-16T08:46:17","guid":{"rendered":"https:\/\/skin2go.r-s.space\/product\/falchion-knife-tiger-tooth\/"},"modified":"2023-04-27T15:49:22","modified_gmt":"2023-04-27T15:49:22","slug":"falchion-knife-tiger-tooth","status":"publish","type":"product","link":"https:\/\/skintrade.org\/pt-pt\/produto\/falchion-knife-tiger-tooth\/","title":{"rendered":"Tiger Tooth"},"content":{"rendered":"<p>A l\u00e2mina e a parte principal do punho s\u00e3o revestidas com tinta met\u00e1lica amarela e adornadas com riscas castanhas que imitam a cor do tigre. A parte da frente e a parte de tr\u00e1s do punho permanecem sem pintura.<\/p>\n","protected":false},"excerpt":{"rendered":"<p>A l\u00e2mina e a parte principal do punho s\u00e3o revestidas com tinta met\u00e1lica amarela e adornadas com riscas castanhas que imitam a cor do tigre. A parte da frente e a parte de tr\u00e1s do punho permanecem sem pintura.<\/p>\n","protected":false},"featured_media":12505,"template":"","meta":[],"product_brand":[],"product_cat":[306,301],"product_tag":[],"class_list":{"0":"post-13442","1":"product","2":"type-product","3":"status-publish","4":"has-post-thumbnail","6":"product_cat-faca-falchion","7":"product_cat-facas","8":"pa_rarity-secreto","9":"pa_start-three-stars-pt-pt","10":"pa_subcategories-faca-falchion","12":"first","13":"instock","14":"shipping-taxable","15":"purchasable","16":"product-type-simple"},"_links":{"self":[{"href":"https:\/\/skintrade.org\/pt-pt\/wp-json\/wp\/v2\/product\/13442","targetHints":{"allow":["GET"]}}],"collection":[{"href":"https:\/\/skintrade.org\/pt-pt\/wp-json\/wp\/v2\/product"}],"about":[{"href":"https:\/\/skintrade.org\/pt-pt\/wp-json\/wp\/v2\/types\/product"}],"wp:featuredmedia":[{"embeddable":true,"href":"https:\/\/skintrade.org\/pt-pt\/wp-json\/wp\/v2\/media\/12505"}],"wp:attachment":[{"href":"https:\/\/skintrade.org\/pt-pt\/wp-json\/wp\/v2\/media?parent=13442"}],"wp:term":[{"taxonomy":"product_brand","embeddable":true,"href":"https:\/\/skintrade.org\/pt-pt\/wp-json\/wp\/v2\/product_brand?post=13442"},{"taxonomy":"product_cat","embeddable":true,"href":"https:\/\/skintrade.org\/pt-pt\/wp-json\/wp\/v2\/product_cat?post=13442"},{"taxonomy":"product_tag","embeddable":true,"href":"https:\/\/skintrade.org\/pt-pt\/wp-json\/wp\/v2\/product_tag?post=13442"}],"curies":[{"name":"wp","href":"https:\/\/api.w.org\/{rel}","templated":true}]}}