{"id":13441,"date":"2022-09-16T08:48:49","date_gmt":"2022-09-16T08:48:49","guid":{"rendered":"https:\/\/skin2go.r-s.space\/product\/falchion-knife-autotronic\/"},"modified":"2023-04-27T15:48:21","modified_gmt":"2023-04-27T15:48:21","slug":"falchion-knife-autotronic","status":"publish","type":"product","link":"https:\/\/skintrade.org\/pt-pt\/produto\/falchion-knife-autotronic\/","title":{"rendered":"Autotronic"},"content":{"rendered":"<p>A l\u00e2mina de a\u00e7o \u00e9 parcialmente revestida com tinta vermelha transl\u00facida e complementada com inser\u00e7\u00f5es de malha met\u00e1lica. A parte principal do punho \u00e9 feita de pl\u00e1stico preto. As partes dianteira e traseira do punho n\u00e3o s\u00e3o pintadas.<\/p>\n","protected":false},"excerpt":{"rendered":"<p>A l\u00e2mina de a\u00e7o \u00e9 parcialmente revestida com tinta vermelha transl\u00facida e complementada com inser\u00e7\u00f5es de malha met\u00e1lica. A parte principal do punho \u00e9 feita de pl\u00e1stico preto. As partes dianteira e traseira do punho n\u00e3o s\u00e3o pintadas.<\/p>\n","protected":false},"featured_media":12508,"template":"","meta":[],"product_brand":[],"product_cat":[306,301],"product_tag":[],"class_list":{"0":"post-13441","1":"product","2":"type-product","3":"status-publish","4":"has-post-thumbnail","6":"product_cat-faca-falchion","7":"product_cat-facas","8":"pa_rarity-secreto","9":"pa_start-four-stars-pt-pt","10":"pa_subcategories-faca-falchion","12":"first","13":"instock","14":"shipping-taxable","15":"purchasable","16":"product-type-simple"},"_links":{"self":[{"href":"https:\/\/skintrade.org\/pt-pt\/wp-json\/wp\/v2\/product\/13441","targetHints":{"allow":["GET"]}}],"collection":[{"href":"https:\/\/skintrade.org\/pt-pt\/wp-json\/wp\/v2\/product"}],"about":[{"href":"https:\/\/skintrade.org\/pt-pt\/wp-json\/wp\/v2\/types\/product"}],"wp:featuredmedia":[{"embeddable":true,"href":"https:\/\/skintrade.org\/pt-pt\/wp-json\/wp\/v2\/media\/12508"}],"wp:attachment":[{"href":"https:\/\/skintrade.org\/pt-pt\/wp-json\/wp\/v2\/media?parent=13441"}],"wp:term":[{"taxonomy":"product_brand","embeddable":true,"href":"https:\/\/skintrade.org\/pt-pt\/wp-json\/wp\/v2\/product_brand?post=13441"},{"taxonomy":"product_cat","embeddable":true,"href":"https:\/\/skintrade.org\/pt-pt\/wp-json\/wp\/v2\/product_cat?post=13441"},{"taxonomy":"product_tag","embeddable":true,"href":"https:\/\/skintrade.org\/pt-pt\/wp-json\/wp\/v2\/product_tag?post=13441"}],"curies":[{"name":"wp","href":"https:\/\/api.w.org\/{rel}","templated":true}]}}