{"id":13439,"date":"2022-09-16T08:56:10","date_gmt":"2022-09-16T08:56:10","guid":{"rendered":"https:\/\/skin2go.r-s.space\/product\/falchion-knife-urban-masked\/"},"modified":"2023-04-27T15:44:19","modified_gmt":"2023-04-27T15:44:19","slug":"falchion-knife-urban-masked","status":"publish","type":"product","link":"https:\/\/skintrade.org\/pt-pt\/produto\/falchion-knife-urban-masked\/","title":{"rendered":"Urban Masked"},"content":{"rendered":"<p>Todo o corpo da faca \u00e9 pintado com spray em v\u00e1rios tons de cinzento. O padr\u00e3o \u00e9 aplicado atrav\u00e9s de um emaranhado de fita adesiva utilizada como est\u00eancil.<\/p>\n","protected":false},"excerpt":{"rendered":"<p>Todo o corpo da faca \u00e9 pintado com spray em v\u00e1rios tons de cinzento. O padr\u00e3o \u00e9 aplicado atrav\u00e9s de um emaranhado de fita adesiva utilizada como est\u00eancil.<\/p>\n","protected":false},"featured_media":12517,"template":"","meta":[],"product_brand":[],"product_cat":[306,301],"product_tag":[],"class_list":{"0":"post-13439","1":"product","2":"type-product","3":"status-publish","4":"has-post-thumbnail","6":"product_cat-faca-falchion","7":"product_cat-facas","8":"pa_rarity-secreto","9":"pa_start-three-stars-pt-pt","10":"pa_subcategories-faca-falchion","12":"first","13":"instock","14":"shipping-taxable","15":"purchasable","16":"product-type-simple"},"_links":{"self":[{"href":"https:\/\/skintrade.org\/pt-pt\/wp-json\/wp\/v2\/product\/13439","targetHints":{"allow":["GET"]}}],"collection":[{"href":"https:\/\/skintrade.org\/pt-pt\/wp-json\/wp\/v2\/product"}],"about":[{"href":"https:\/\/skintrade.org\/pt-pt\/wp-json\/wp\/v2\/types\/product"}],"wp:featuredmedia":[{"embeddable":true,"href":"https:\/\/skintrade.org\/pt-pt\/wp-json\/wp\/v2\/media\/12517"}],"wp:attachment":[{"href":"https:\/\/skintrade.org\/pt-pt\/wp-json\/wp\/v2\/media?parent=13439"}],"wp:term":[{"taxonomy":"product_brand","embeddable":true,"href":"https:\/\/skintrade.org\/pt-pt\/wp-json\/wp\/v2\/product_brand?post=13439"},{"taxonomy":"product_cat","embeddable":true,"href":"https:\/\/skintrade.org\/pt-pt\/wp-json\/wp\/v2\/product_cat?post=13439"},{"taxonomy":"product_tag","embeddable":true,"href":"https:\/\/skintrade.org\/pt-pt\/wp-json\/wp\/v2\/product_tag?post=13439"}],"curies":[{"name":"wp","href":"https:\/\/api.w.org\/{rel}","templated":true}]}}