{"id":13438,"date":"2022-09-16T08:53:12","date_gmt":"2022-09-16T08:53:12","guid":{"rendered":"https:\/\/skin2go.r-s.space\/product\/falchion-knife-black-laminate\/"},"modified":"2025-08-21T13:47:16","modified_gmt":"2025-08-21T13:47:16","slug":"falchion-knife-black-laminate","status":"publish","type":"product","link":"https:\/\/skintrade.org\/pt-pt\/produto\/falchion-knife-black-laminate\/","title":{"rendered":"Black Laminate"},"content":{"rendered":"<p>A l\u00e2mina da faca foi revestida com tinta preta mate. A parte principal do cabo \u00e9 feita de madeira escura e clara. As partes dianteira e traseira do cabo s\u00e3o pintadas de preto.<\/p>\n","protected":false},"excerpt":{"rendered":"<p>A l\u00e2mina da faca foi revestida com tinta preta mate. A parte principal do cabo \u00e9 feita de madeira escura e clara. As partes dianteira e traseira do cabo s\u00e3o pintadas de preto.<\/p>\n","protected":false},"featured_media":12514,"template":"","meta":[],"product_brand":[],"product_cat":[306,301],"product_tag":[],"class_list":{"0":"post-13438","1":"product","2":"type-product","3":"status-publish","4":"has-post-thumbnail","6":"product_cat-faca-falchion","7":"product_cat-facas","8":"pa_rarity-secreto","9":"pa_start-three-stars-pt-pt","10":"pa_subcategories-faca-falchion","12":"first","13":"instock","14":"shipping-taxable","15":"purchasable","16":"product-type-simple"},"_links":{"self":[{"href":"https:\/\/skintrade.org\/pt-pt\/wp-json\/wp\/v2\/product\/13438","targetHints":{"allow":["GET"]}}],"collection":[{"href":"https:\/\/skintrade.org\/pt-pt\/wp-json\/wp\/v2\/product"}],"about":[{"href":"https:\/\/skintrade.org\/pt-pt\/wp-json\/wp\/v2\/types\/product"}],"wp:featuredmedia":[{"embeddable":true,"href":"https:\/\/skintrade.org\/pt-pt\/wp-json\/wp\/v2\/media\/12514"}],"wp:attachment":[{"href":"https:\/\/skintrade.org\/pt-pt\/wp-json\/wp\/v2\/media?parent=13438"}],"wp:term":[{"taxonomy":"product_brand","embeddable":true,"href":"https:\/\/skintrade.org\/pt-pt\/wp-json\/wp\/v2\/product_brand?post=13438"},{"taxonomy":"product_cat","embeddable":true,"href":"https:\/\/skintrade.org\/pt-pt\/wp-json\/wp\/v2\/product_cat?post=13438"},{"taxonomy":"product_tag","embeddable":true,"href":"https:\/\/skintrade.org\/pt-pt\/wp-json\/wp\/v2\/product_tag?post=13438"}],"curies":[{"name":"wp","href":"https:\/\/api.w.org\/{rel}","templated":true}]}}