{"id":13437,"date":"2022-09-16T09:00:39","date_gmt":"2022-09-16T09:00:39","guid":{"rendered":"https:\/\/skin2go.r-s.space\/product\/flip-knife-lore\/"},"modified":"2023-04-27T15:41:55","modified_gmt":"2023-04-27T15:41:55","slug":"flip-knife-lore","status":"publish","type":"product","link":"https:\/\/skintrade.org\/pt-pt\/produto\/flip-knife-lore\/","title":{"rendered":"Lore"},"content":{"rendered":"<p>A l\u00e2mina da faca \u00e9 revestida com tinta met\u00e1lica dourada e adornada com um padr\u00e3o medieval transl\u00facido. O gume est\u00e1 decorado com um ornamento celta em tons amarelo-alaranjado com um contorno castanho-escuro. O cabo \u00e9 pintado de verde escuro.<\/p>\n","protected":false},"excerpt":{"rendered":"<p>A l\u00e2mina da faca \u00e9 revestida com tinta met\u00e1lica dourada e adornada com um padr\u00e3o medieval transl\u00facido. O gume est\u00e1 decorado com um ornamento celta em tons amarelo-alaranjado com um contorno castanho-escuro. O cabo \u00e9 pintado de verde escuro.<\/p>\n","protected":false},"featured_media":12520,"template":"","meta":[],"product_brand":[],"product_cat":[307,301],"product_tag":[],"class_list":{"0":"post-13437","1":"product","2":"type-product","3":"status-publish","4":"has-post-thumbnail","6":"product_cat-faca-flip","7":"product_cat-facas","8":"pa_rarity-secreto","9":"pa_start-five-stars-pt-pt","10":"pa_subcategories-faca-flip","12":"first","13":"instock","14":"shipping-taxable","15":"purchasable","16":"product-type-simple"},"_links":{"self":[{"href":"https:\/\/skintrade.org\/pt-pt\/wp-json\/wp\/v2\/product\/13437","targetHints":{"allow":["GET"]}}],"collection":[{"href":"https:\/\/skintrade.org\/pt-pt\/wp-json\/wp\/v2\/product"}],"about":[{"href":"https:\/\/skintrade.org\/pt-pt\/wp-json\/wp\/v2\/types\/product"}],"wp:featuredmedia":[{"embeddable":true,"href":"https:\/\/skintrade.org\/pt-pt\/wp-json\/wp\/v2\/media\/12520"}],"wp:attachment":[{"href":"https:\/\/skintrade.org\/pt-pt\/wp-json\/wp\/v2\/media?parent=13437"}],"wp:term":[{"taxonomy":"product_brand","embeddable":true,"href":"https:\/\/skintrade.org\/pt-pt\/wp-json\/wp\/v2\/product_brand?post=13437"},{"taxonomy":"product_cat","embeddable":true,"href":"https:\/\/skintrade.org\/pt-pt\/wp-json\/wp\/v2\/product_cat?post=13437"},{"taxonomy":"product_tag","embeddable":true,"href":"https:\/\/skintrade.org\/pt-pt\/wp-json\/wp\/v2\/product_tag?post=13437"}],"curies":[{"name":"wp","href":"https:\/\/api.w.org\/{rel}","templated":true}]}}