{"id":13436,"date":"2022-09-16T09:02:38","date_gmt":"2022-09-16T09:02:38","guid":{"rendered":"https:\/\/skin2go.r-s.space\/product\/flip-knife-freehand\/"},"modified":"2023-04-27T15:39:41","modified_gmt":"2023-04-27T15:39:41","slug":"flip-knife-freehand","status":"publish","type":"product","link":"https:\/\/skintrade.org\/pt-pt\/produto\/flip-knife-freehand\/","title":{"rendered":"Freehand"},"content":{"rendered":"<p>A l\u00e2mina da faca \u00e9 pintada de p\u00farpura escuro e decorada com desenhos brancos em forma de homenzinhos, setas, rel\u00e2mpagos, linhas onduladas, etc. O cabo n\u00e3o est\u00e1 pintado.<\/p>\n","protected":false},"excerpt":{"rendered":"<p>A l\u00e2mina da faca \u00e9 pintada de p\u00farpura escuro e decorada com desenhos brancos em forma de homenzinhos, setas, rel\u00e2mpagos, linhas onduladas, etc. O cabo n\u00e3o est\u00e1 pintado.<\/p>\n","protected":false},"featured_media":12523,"template":"","meta":[],"product_brand":[],"product_cat":[307,301],"product_tag":[],"class_list":{"0":"post-13436","1":"product","2":"type-product","3":"status-publish","4":"has-post-thumbnail","6":"product_cat-faca-flip","7":"product_cat-facas","8":"pa_rarity-secreto","9":"pa_start-three-stars-pt-pt","10":"pa_subcategories-faca-flip","12":"first","13":"instock","14":"shipping-taxable","15":"purchasable","16":"product-type-simple"},"_links":{"self":[{"href":"https:\/\/skintrade.org\/pt-pt\/wp-json\/wp\/v2\/product\/13436","targetHints":{"allow":["GET"]}}],"collection":[{"href":"https:\/\/skintrade.org\/pt-pt\/wp-json\/wp\/v2\/product"}],"about":[{"href":"https:\/\/skintrade.org\/pt-pt\/wp-json\/wp\/v2\/types\/product"}],"wp:featuredmedia":[{"embeddable":true,"href":"https:\/\/skintrade.org\/pt-pt\/wp-json\/wp\/v2\/media\/12523"}],"wp:attachment":[{"href":"https:\/\/skintrade.org\/pt-pt\/wp-json\/wp\/v2\/media?parent=13436"}],"wp:term":[{"taxonomy":"product_brand","embeddable":true,"href":"https:\/\/skintrade.org\/pt-pt\/wp-json\/wp\/v2\/product_brand?post=13436"},{"taxonomy":"product_cat","embeddable":true,"href":"https:\/\/skintrade.org\/pt-pt\/wp-json\/wp\/v2\/product_cat?post=13436"},{"taxonomy":"product_tag","embeddable":true,"href":"https:\/\/skintrade.org\/pt-pt\/wp-json\/wp\/v2\/product_tag?post=13436"}],"curies":[{"name":"wp","href":"https:\/\/api.w.org\/{rel}","templated":true}]}}