{"id":13434,"date":"2022-09-16T09:07:21","date_gmt":"2022-09-16T09:07:21","guid":{"rendered":"https:\/\/skin2go.r-s.space\/product\/flip-knife-fade\/"},"modified":"2023-04-27T15:36:27","modified_gmt":"2023-04-27T15:36:27","slug":"flip-knife-fade","status":"publish","type":"product","link":"https:\/\/skintrade.org\/pt-pt\/produto\/flip-knife-fade\/","title":{"rendered":"Fade"},"content":{"rendered":"<p>A l\u00e2mina da faca \u00e9 cromada e revestida com tintas transl\u00facidas que criam transi\u00e7\u00f5es de gradiente. O padr\u00e3o \u00e9 feito em v\u00e1rios tons de roxo, rosa e amarelo. A propor\u00e7\u00e3o de cores depende do \u00edndice do padr\u00e3o. O cabo n\u00e3o \u00e9 pintado.<\/p>\n","protected":false},"excerpt":{"rendered":"<p>A l\u00e2mina da faca \u00e9 cromada e revestida com tintas transl\u00facidas que criam transi\u00e7\u00f5es de gradiente. O padr\u00e3o \u00e9 feito em v\u00e1rios tons de roxo, rosa e amarelo. A propor\u00e7\u00e3o de cores depende do \u00edndice do padr\u00e3o. O cabo n\u00e3o \u00e9 pintado.<\/p>\n","protected":false},"featured_media":12529,"template":"","meta":[],"product_brand":[],"product_cat":[307,301],"product_tag":[],"class_list":{"0":"post-13434","1":"product","2":"type-product","3":"status-publish","4":"has-post-thumbnail","6":"product_cat-faca-flip","7":"product_cat-facas","8":"pa_rarity-secreto","9":"pa_start-five-stars-pt-pt","10":"pa_subcategories-faca-flip","12":"first","13":"instock","14":"shipping-taxable","15":"purchasable","16":"product-type-simple"},"_links":{"self":[{"href":"https:\/\/skintrade.org\/pt-pt\/wp-json\/wp\/v2\/product\/13434","targetHints":{"allow":["GET"]}}],"collection":[{"href":"https:\/\/skintrade.org\/pt-pt\/wp-json\/wp\/v2\/product"}],"about":[{"href":"https:\/\/skintrade.org\/pt-pt\/wp-json\/wp\/v2\/types\/product"}],"wp:featuredmedia":[{"embeddable":true,"href":"https:\/\/skintrade.org\/pt-pt\/wp-json\/wp\/v2\/media\/12529"}],"wp:attachment":[{"href":"https:\/\/skintrade.org\/pt-pt\/wp-json\/wp\/v2\/media?parent=13434"}],"wp:term":[{"taxonomy":"product_brand","embeddable":true,"href":"https:\/\/skintrade.org\/pt-pt\/wp-json\/wp\/v2\/product_brand?post=13434"},{"taxonomy":"product_cat","embeddable":true,"href":"https:\/\/skintrade.org\/pt-pt\/wp-json\/wp\/v2\/product_cat?post=13434"},{"taxonomy":"product_tag","embeddable":true,"href":"https:\/\/skintrade.org\/pt-pt\/wp-json\/wp\/v2\/product_tag?post=13434"}],"curies":[{"name":"wp","href":"https:\/\/api.w.org\/{rel}","templated":true}]}}