{"id":13431,"date":"2022-09-16T09:17:32","date_gmt":"2022-09-16T09:17:32","guid":{"rendered":"https:\/\/skin2go.r-s.space\/product\/gut-knife-black-laminate\/"},"modified":"2023-04-27T15:29:48","modified_gmt":"2023-04-27T15:29:48","slug":"gut-knife-black-laminate","status":"publish","type":"product","link":"https:\/\/skintrade.org\/pt-pt\/produto\/gut-knife-black-laminate\/","title":{"rendered":"Black Laminate"},"content":{"rendered":"<p>A l\u00e2mina da faca \u00e9 pintada de preto mate. O cabo \u00e9 feito de madeira escura e clara<\/p>\n","protected":false},"excerpt":{"rendered":"<p>A l\u00e2mina da faca \u00e9 pintada de preto mate. O cabo \u00e9 feito de madeira escura e clara<\/p>\n","protected":false},"featured_media":12538,"template":"","meta":[],"product_brand":[],"product_cat":[301,308],"product_tag":[],"class_list":{"0":"post-13431","1":"product","2":"type-product","3":"status-publish","4":"has-post-thumbnail","6":"product_cat-facas","7":"product_cat-gut-faca","8":"pa_rarity-secreto","9":"pa_start-five-stars-pt-pt","10":"pa_subcategories-faca-gut","12":"first","13":"instock","14":"shipping-taxable","15":"purchasable","16":"product-type-simple"},"_links":{"self":[{"href":"https:\/\/skintrade.org\/pt-pt\/wp-json\/wp\/v2\/product\/13431","targetHints":{"allow":["GET"]}}],"collection":[{"href":"https:\/\/skintrade.org\/pt-pt\/wp-json\/wp\/v2\/product"}],"about":[{"href":"https:\/\/skintrade.org\/pt-pt\/wp-json\/wp\/v2\/types\/product"}],"wp:featuredmedia":[{"embeddable":true,"href":"https:\/\/skintrade.org\/pt-pt\/wp-json\/wp\/v2\/media\/12538"}],"wp:attachment":[{"href":"https:\/\/skintrade.org\/pt-pt\/wp-json\/wp\/v2\/media?parent=13431"}],"wp:term":[{"taxonomy":"product_brand","embeddable":true,"href":"https:\/\/skintrade.org\/pt-pt\/wp-json\/wp\/v2\/product_brand?post=13431"},{"taxonomy":"product_cat","embeddable":true,"href":"https:\/\/skintrade.org\/pt-pt\/wp-json\/wp\/v2\/product_cat?post=13431"},{"taxonomy":"product_tag","embeddable":true,"href":"https:\/\/skintrade.org\/pt-pt\/wp-json\/wp\/v2\/product_tag?post=13431"}],"curies":[{"name":"wp","href":"https:\/\/api.w.org\/{rel}","templated":true}]}}