{"id":13430,"date":"2022-09-16T09:19:49","date_gmt":"2022-09-16T09:19:49","guid":{"rendered":"https:\/\/skin2go.r-s.space\/product\/gut-knife-rust-coat\/"},"modified":"2023-04-27T15:30:12","modified_gmt":"2023-04-27T15:30:12","slug":"gut-knife-rust-coat","status":"publish","type":"product","link":"https:\/\/skintrade.org\/pt-pt\/produto\/gut-knife-rust-coat\/","title":{"rendered":"Rust Coat"},"content":{"rendered":"<p>A l\u00e2mina de a\u00e7o da faca est\u00e1 revestida com uma camada irregular de ferrugem. A cor da l\u00e2mina depende do grau de desgaste e varia entre o azul-acinzentado e o castanho-alaranjado. O cabo \u00e9 feito de madeira e n\u00e3o est\u00e1 pintado.<\/p>\n","protected":false},"excerpt":{"rendered":"<p>A l\u00e2mina de a\u00e7o da faca est\u00e1 revestida com uma camada irregular de ferrugem. A cor da l\u00e2mina depende do grau de desgaste e varia entre o azul-acinzentado e o castanho-alaranjado. O cabo \u00e9 feito de madeira e n\u00e3o est\u00e1 pintado.<\/p>\n","protected":false},"featured_media":12541,"template":"","meta":[],"product_brand":[],"product_cat":[301,308],"product_tag":[],"class_list":{"0":"post-13430","1":"product","2":"type-product","3":"status-publish","4":"has-post-thumbnail","6":"product_cat-facas","7":"product_cat-gut-faca","8":"pa_rarity-secreto","9":"pa_start-four-stars-pt-pt","10":"pa_subcategories-faca-gut","12":"first","13":"instock","14":"shipping-taxable","15":"purchasable","16":"product-type-simple"},"_links":{"self":[{"href":"https:\/\/skintrade.org\/pt-pt\/wp-json\/wp\/v2\/product\/13430","targetHints":{"allow":["GET"]}}],"collection":[{"href":"https:\/\/skintrade.org\/pt-pt\/wp-json\/wp\/v2\/product"}],"about":[{"href":"https:\/\/skintrade.org\/pt-pt\/wp-json\/wp\/v2\/types\/product"}],"wp:featuredmedia":[{"embeddable":true,"href":"https:\/\/skintrade.org\/pt-pt\/wp-json\/wp\/v2\/media\/12541"}],"wp:attachment":[{"href":"https:\/\/skintrade.org\/pt-pt\/wp-json\/wp\/v2\/media?parent=13430"}],"wp:term":[{"taxonomy":"product_brand","embeddable":true,"href":"https:\/\/skintrade.org\/pt-pt\/wp-json\/wp\/v2\/product_brand?post=13430"},{"taxonomy":"product_cat","embeddable":true,"href":"https:\/\/skintrade.org\/pt-pt\/wp-json\/wp\/v2\/product_cat?post=13430"},{"taxonomy":"product_tag","embeddable":true,"href":"https:\/\/skintrade.org\/pt-pt\/wp-json\/wp\/v2\/product_tag?post=13430"}],"curies":[{"name":"wp","href":"https:\/\/api.w.org\/{rel}","templated":true}]}}