{"id":13429,"date":"2022-09-16T09:41:53","date_gmt":"2022-09-16T09:41:53","guid":{"rendered":"https:\/\/skin2go.r-s.space\/product\/gut-knife-blue-steel\/"},"modified":"2023-04-27T15:26:21","modified_gmt":"2023-04-27T15:26:21","slug":"gut-knife-blue-steel","status":"publish","type":"product","link":"https:\/\/skintrade.org\/pt-pt\/produto\/gut-knife-blue-steel\/","title":{"rendered":"Blue Steel"},"content":{"rendered":"<p>A l\u00e2mina da faca foi azulada a frio, o que conferiu \u00e0 superf\u00edcie do a\u00e7o \u00e1reas p\u00farpura p\u00e1lido, azul e verde. A l\u00e2mina apresenta tamb\u00e9m vest\u00edgios de p\u00e1tina. O cabo \u00e9 feito de madeira e n\u00e3o foi pintado.<\/p>\n","protected":false},"excerpt":{"rendered":"<p>A l\u00e2mina da faca foi azulada a frio, o que conferiu \u00e0 superf\u00edcie do a\u00e7o \u00e1reas p\u00farpura p\u00e1lido, azul e verde. A l\u00e2mina apresenta tamb\u00e9m vest\u00edgios de p\u00e1tina. O cabo \u00e9 feito de madeira e n\u00e3o foi pintado.<\/p>\n","protected":false},"featured_media":12547,"template":"","meta":[],"product_brand":[],"product_cat":[301,308],"product_tag":[],"class_list":{"0":"post-13429","1":"product","2":"type-product","3":"status-publish","4":"has-post-thumbnail","6":"product_cat-facas","7":"product_cat-gut-faca","8":"pa_rarity-secreto","9":"pa_start-two-stars-pt-pt","10":"pa_subcategories-faca-gut","12":"first","13":"instock","14":"shipping-taxable","15":"purchasable","16":"product-type-simple"},"_links":{"self":[{"href":"https:\/\/skintrade.org\/pt-pt\/wp-json\/wp\/v2\/product\/13429","targetHints":{"allow":["GET"]}}],"collection":[{"href":"https:\/\/skintrade.org\/pt-pt\/wp-json\/wp\/v2\/product"}],"about":[{"href":"https:\/\/skintrade.org\/pt-pt\/wp-json\/wp\/v2\/types\/product"}],"wp:featuredmedia":[{"embeddable":true,"href":"https:\/\/skintrade.org\/pt-pt\/wp-json\/wp\/v2\/media\/12547"}],"wp:attachment":[{"href":"https:\/\/skintrade.org\/pt-pt\/wp-json\/wp\/v2\/media?parent=13429"}],"wp:term":[{"taxonomy":"product_brand","embeddable":true,"href":"https:\/\/skintrade.org\/pt-pt\/wp-json\/wp\/v2\/product_brand?post=13429"},{"taxonomy":"product_cat","embeddable":true,"href":"https:\/\/skintrade.org\/pt-pt\/wp-json\/wp\/v2\/product_cat?post=13429"},{"taxonomy":"product_tag","embeddable":true,"href":"https:\/\/skintrade.org\/pt-pt\/wp-json\/wp\/v2\/product_tag?post=13429"}],"curies":[{"name":"wp","href":"https:\/\/api.w.org\/{rel}","templated":true}]}}