{"id":13425,"date":"2022-09-16T10:24:03","date_gmt":"2022-09-16T10:24:03","guid":{"rendered":"https:\/\/skin2go.r-s.space\/product\/m9-bayonet-tiger-tooth\/"},"modified":"2023-04-27T15:21:38","modified_gmt":"2023-04-27T15:21:38","slug":"m9-bayonet-tiger-tooth","status":"publish","type":"product","link":"https:\/\/skintrade.org\/pt-pt\/produto\/m9-bayonet-tiger-tooth\/","title":{"rendered":"Tiger Tooth"},"content":{"rendered":"<p>A l\u00e2mina da faca e a guarda s\u00e3o revestidas com tinta met\u00e1lica amarela e adornadas com riscas castanhas que imitam a cor do tigre. O cabo n\u00e3o \u00e9 pintado.<\/p>\n","protected":false},"excerpt":{"rendered":"<p>A l\u00e2mina da faca e a guarda s\u00e3o revestidas com tinta met\u00e1lica amarela e adornadas com riscas castanhas que imitam a cor do tigre. O cabo n\u00e3o \u00e9 pintado.<\/p>\n","protected":false},"featured_media":12583,"template":"","meta":[],"product_brand":[],"product_cat":[301,311],"product_tag":[],"class_list":{"0":"post-13425","1":"product","2":"type-product","3":"status-publish","4":"has-post-thumbnail","6":"product_cat-facas","7":"product_cat-m9-bayonet-pt-pt","8":"pa_rarity-secreto","9":"pa_start-five-stars-pt-pt","10":"pa_subcategories-m9-bayonet-pt-pt","12":"first","13":"instock","14":"shipping-taxable","15":"purchasable","16":"product-type-simple"},"_links":{"self":[{"href":"https:\/\/skintrade.org\/pt-pt\/wp-json\/wp\/v2\/product\/13425","targetHints":{"allow":["GET"]}}],"collection":[{"href":"https:\/\/skintrade.org\/pt-pt\/wp-json\/wp\/v2\/product"}],"about":[{"href":"https:\/\/skintrade.org\/pt-pt\/wp-json\/wp\/v2\/types\/product"}],"wp:featuredmedia":[{"embeddable":true,"href":"https:\/\/skintrade.org\/pt-pt\/wp-json\/wp\/v2\/media\/12583"}],"wp:attachment":[{"href":"https:\/\/skintrade.org\/pt-pt\/wp-json\/wp\/v2\/media?parent=13425"}],"wp:term":[{"taxonomy":"product_brand","embeddable":true,"href":"https:\/\/skintrade.org\/pt-pt\/wp-json\/wp\/v2\/product_brand?post=13425"},{"taxonomy":"product_cat","embeddable":true,"href":"https:\/\/skintrade.org\/pt-pt\/wp-json\/wp\/v2\/product_cat?post=13425"},{"taxonomy":"product_tag","embeddable":true,"href":"https:\/\/skintrade.org\/pt-pt\/wp-json\/wp\/v2\/product_tag?post=13425"}],"curies":[{"name":"wp","href":"https:\/\/api.w.org\/{rel}","templated":true}]}}