{"id":13424,"date":"2022-09-16T10:20:23","date_gmt":"2022-09-16T10:20:23","guid":{"rendered":"https:\/\/skin2go.r-s.space\/product\/m9-bayonet-fade\/"},"modified":"2023-04-27T15:21:16","modified_gmt":"2023-04-27T15:21:16","slug":"m9-bayonet-fade","status":"publish","type":"product","link":"https:\/\/skintrade.org\/pt-pt\/produto\/m9-bayonet-fade\/","title":{"rendered":"Fade"},"content":{"rendered":"<p>A l\u00e2mina cromada da faca e a protec\u00e7\u00e3o s\u00e3o revestidas com tintas transl\u00facidas que criam transi\u00e7\u00f5es de gradiente. O padr\u00e3o \u00e9 feito em v\u00e1rios tons de roxo, rosa e amarelo. A propor\u00e7\u00e3o de cores depende do \u00edndice do padr\u00e3o. O cabo n\u00e3o \u00e9 pintado.<\/p>\n","protected":false},"excerpt":{"rendered":"<p>A l\u00e2mina cromada da faca e a protec\u00e7\u00e3o s\u00e3o revestidas com tintas transl\u00facidas que criam transi\u00e7\u00f5es de gradiente. O padr\u00e3o \u00e9 feito em v\u00e1rios tons de roxo, rosa e amarelo. A propor\u00e7\u00e3o de cores depende do \u00edndice do padr\u00e3o. O cabo n\u00e3o \u00e9 pintado.<\/p>\n","protected":false},"featured_media":12580,"template":"","meta":[],"product_brand":[],"product_cat":[301,311],"product_tag":[],"class_list":{"0":"post-13424","1":"product","2":"type-product","3":"status-publish","4":"has-post-thumbnail","6":"product_cat-facas","7":"product_cat-m9-bayonet-pt-pt","8":"pa_rarity-secreto","9":"pa_subcategories-m9-bayonet-pt-pt","11":"first","12":"instock","13":"shipping-taxable","14":"purchasable","15":"product-type-simple"},"_links":{"self":[{"href":"https:\/\/skintrade.org\/pt-pt\/wp-json\/wp\/v2\/product\/13424","targetHints":{"allow":["GET"]}}],"collection":[{"href":"https:\/\/skintrade.org\/pt-pt\/wp-json\/wp\/v2\/product"}],"about":[{"href":"https:\/\/skintrade.org\/pt-pt\/wp-json\/wp\/v2\/types\/product"}],"wp:featuredmedia":[{"embeddable":true,"href":"https:\/\/skintrade.org\/pt-pt\/wp-json\/wp\/v2\/media\/12580"}],"wp:attachment":[{"href":"https:\/\/skintrade.org\/pt-pt\/wp-json\/wp\/v2\/media?parent=13424"}],"wp:term":[{"taxonomy":"product_brand","embeddable":true,"href":"https:\/\/skintrade.org\/pt-pt\/wp-json\/wp\/v2\/product_brand?post=13424"},{"taxonomy":"product_cat","embeddable":true,"href":"https:\/\/skintrade.org\/pt-pt\/wp-json\/wp\/v2\/product_cat?post=13424"},{"taxonomy":"product_tag","embeddable":true,"href":"https:\/\/skintrade.org\/pt-pt\/wp-json\/wp\/v2\/product_tag?post=13424"}],"curies":[{"name":"wp","href":"https:\/\/api.w.org\/{rel}","templated":true}]}}