{"id":13422,"date":"2022-09-16T10:09:21","date_gmt":"2022-09-16T10:09:21","guid":{"rendered":"https:\/\/skin2go.r-s.space\/product\/karambit-night\/"},"modified":"2023-04-27T15:18:11","modified_gmt":"2023-04-27T15:18:11","slug":"karambit-night","status":"publish","type":"product","link":"https:\/\/skintrade.org\/pt-pt\/produto\/karambit-night\/","title":{"rendered":"Night"},"content":{"rendered":"<p>Todo o corpo da faca \u00e9 pintado com spray em bege e caqui, utilizando uma rede de veda\u00e7\u00e3o como est\u00eancil.<\/p>\n","protected":false},"excerpt":{"rendered":"<p>Todo o corpo da faca \u00e9 pintado com spray em bege e caqui, utilizando uma rede de veda\u00e7\u00e3o como est\u00eancil.<\/p>\n","protected":false},"featured_media":12574,"template":"","meta":[],"product_brand":[],"product_cat":[301,310],"product_tag":[],"class_list":{"0":"post-13422","1":"product","2":"type-product","3":"status-publish","4":"has-post-thumbnail","6":"product_cat-facas","7":"product_cat-karambit-pt-pt","8":"pa_rarity-secreto","9":"pa_start-five-stars-pt-pt","10":"pa_subcategories-karambit-pt-pt","12":"first","13":"instock","14":"shipping-taxable","15":"purchasable","16":"product-type-simple"},"_links":{"self":[{"href":"https:\/\/skintrade.org\/pt-pt\/wp-json\/wp\/v2\/product\/13422","targetHints":{"allow":["GET"]}}],"collection":[{"href":"https:\/\/skintrade.org\/pt-pt\/wp-json\/wp\/v2\/product"}],"about":[{"href":"https:\/\/skintrade.org\/pt-pt\/wp-json\/wp\/v2\/types\/product"}],"wp:featuredmedia":[{"embeddable":true,"href":"https:\/\/skintrade.org\/pt-pt\/wp-json\/wp\/v2\/media\/12574"}],"wp:attachment":[{"href":"https:\/\/skintrade.org\/pt-pt\/wp-json\/wp\/v2\/media?parent=13422"}],"wp:term":[{"taxonomy":"product_brand","embeddable":true,"href":"https:\/\/skintrade.org\/pt-pt\/wp-json\/wp\/v2\/product_brand?post=13422"},{"taxonomy":"product_cat","embeddable":true,"href":"https:\/\/skintrade.org\/pt-pt\/wp-json\/wp\/v2\/product_cat?post=13422"},{"taxonomy":"product_tag","embeddable":true,"href":"https:\/\/skintrade.org\/pt-pt\/wp-json\/wp\/v2\/product_tag?post=13422"}],"curies":[{"name":"wp","href":"https:\/\/api.w.org\/{rel}","templated":true}]}}