{"id":13421,"date":"2022-09-16T10:06:38","date_gmt":"2022-09-16T10:06:38","guid":{"rendered":"https:\/\/skin2go.r-s.space\/product\/karambit-bright-water\/"},"modified":"2023-04-27T15:16:56","modified_gmt":"2023-04-27T15:16:56","slug":"karambit-bright-water","status":"publish","type":"product","link":"https:\/\/skintrade.org\/pt-pt\/produto\/karambit-bright-water\/","title":{"rendered":"Bright Water"},"content":{"rendered":"<p>A l\u00e2mina da faca \u00e9 adornada com um padr\u00e3o de camuflagem mate feito em v\u00e1rios tons de azul. O cabo cinzento-escuro \u00e9 complementado por inser\u00e7\u00f5es azuis.<\/p>\n","protected":false},"excerpt":{"rendered":"<p>A l\u00e2mina da faca \u00e9 adornada com um padr\u00e3o de camuflagem mate feito em v\u00e1rios tons de azul. O cabo cinzento-escuro \u00e9 complementado por inser\u00e7\u00f5es azuis.<\/p>\n","protected":false},"featured_media":12571,"template":"","meta":[],"product_brand":[],"product_cat":[301,310],"product_tag":[],"class_list":{"0":"post-13421","1":"product","2":"type-product","3":"status-publish","4":"has-post-thumbnail","6":"product_cat-facas","7":"product_cat-karambit-pt-pt","8":"pa_rarity-secreto","9":"pa_start-two-stars-pt-pt","10":"pa_subcategories-karambit-pt-pt","12":"first","13":"instock","14":"shipping-taxable","15":"purchasable","16":"product-type-simple"},"_links":{"self":[{"href":"https:\/\/skintrade.org\/pt-pt\/wp-json\/wp\/v2\/product\/13421","targetHints":{"allow":["GET"]}}],"collection":[{"href":"https:\/\/skintrade.org\/pt-pt\/wp-json\/wp\/v2\/product"}],"about":[{"href":"https:\/\/skintrade.org\/pt-pt\/wp-json\/wp\/v2\/types\/product"}],"wp:featuredmedia":[{"embeddable":true,"href":"https:\/\/skintrade.org\/pt-pt\/wp-json\/wp\/v2\/media\/12571"}],"wp:attachment":[{"href":"https:\/\/skintrade.org\/pt-pt\/wp-json\/wp\/v2\/media?parent=13421"}],"wp:term":[{"taxonomy":"product_brand","embeddable":true,"href":"https:\/\/skintrade.org\/pt-pt\/wp-json\/wp\/v2\/product_brand?post=13421"},{"taxonomy":"product_cat","embeddable":true,"href":"https:\/\/skintrade.org\/pt-pt\/wp-json\/wp\/v2\/product_cat?post=13421"},{"taxonomy":"product_tag","embeddable":true,"href":"https:\/\/skintrade.org\/pt-pt\/wp-json\/wp\/v2\/product_tag?post=13421"}],"curies":[{"name":"wp","href":"https:\/\/api.w.org\/{rel}","templated":true}]}}