{"id":13420,"date":"2022-09-16T10:04:28","date_gmt":"2022-09-16T10:04:28","guid":{"rendered":"https:\/\/skin2go.r-s.space\/product\/karambit-urban-masked\/"},"modified":"2023-04-27T15:16:03","modified_gmt":"2023-04-27T15:16:03","slug":"karambit-urban-masked","status":"publish","type":"product","link":"https:\/\/skintrade.org\/pt-pt\/produto\/karambit-urban-masked\/","title":{"rendered":"Urban Masked"},"content":{"rendered":"<p>Todo o corpo da faca, incluindo o cabo, \u00e9 pintado com spray em v\u00e1rios tons de cinzento. O padr\u00e3o \u00e9 aplicado atrav\u00e9s de um emaranhado de fita adesiva utilizada como est\u00eancil.<\/p>\n","protected":false},"excerpt":{"rendered":"<p>Todo o corpo da faca, incluindo o cabo, \u00e9 pintado com spray em v\u00e1rios tons de cinzento. O padr\u00e3o \u00e9 aplicado atrav\u00e9s de um emaranhado de fita adesiva utilizada como est\u00eancil.<\/p>\n","protected":false},"featured_media":12568,"template":"","meta":[],"product_brand":[],"product_cat":[301,310],"product_tag":[],"class_list":{"0":"post-13420","1":"product","2":"type-product","3":"status-publish","4":"has-post-thumbnail","6":"product_cat-facas","7":"product_cat-karambit-pt-pt","8":"pa_rarity-secreto","9":"pa_start-four-stars-pt-pt","10":"pa_subcategories-karambit-pt-pt","12":"first","13":"instock","14":"shipping-taxable","15":"purchasable","16":"product-type-simple"},"_links":{"self":[{"href":"https:\/\/skintrade.org\/pt-pt\/wp-json\/wp\/v2\/product\/13420","targetHints":{"allow":["GET"]}}],"collection":[{"href":"https:\/\/skintrade.org\/pt-pt\/wp-json\/wp\/v2\/product"}],"about":[{"href":"https:\/\/skintrade.org\/pt-pt\/wp-json\/wp\/v2\/types\/product"}],"wp:featuredmedia":[{"embeddable":true,"href":"https:\/\/skintrade.org\/pt-pt\/wp-json\/wp\/v2\/media\/12568"}],"wp:attachment":[{"href":"https:\/\/skintrade.org\/pt-pt\/wp-json\/wp\/v2\/media?parent=13420"}],"wp:term":[{"taxonomy":"product_brand","embeddable":true,"href":"https:\/\/skintrade.org\/pt-pt\/wp-json\/wp\/v2\/product_brand?post=13420"},{"taxonomy":"product_cat","embeddable":true,"href":"https:\/\/skintrade.org\/pt-pt\/wp-json\/wp\/v2\/product_cat?post=13420"},{"taxonomy":"product_tag","embeddable":true,"href":"https:\/\/skintrade.org\/pt-pt\/wp-json\/wp\/v2\/product_tag?post=13420"}],"curies":[{"name":"wp","href":"https:\/\/api.w.org\/{rel}","templated":true}]}}