{"id":13417,"date":"2022-09-16T09:53:29","date_gmt":"2022-09-16T09:53:29","guid":{"rendered":"https:\/\/skin2go.r-s.space\/product\/huntsman-knife-crimson-web\/"},"modified":"2023-04-27T15:10:01","modified_gmt":"2023-04-27T15:10:01","slug":"huntsman-knife-crimson-web","status":"publish","type":"product","link":"https:\/\/skintrade.org\/pt-pt\/produto\/huntsman-knife-crimson-web\/","title":{"rendered":"Crimson Web"},"content":{"rendered":"<p>A l\u00e2mina da faca \u00e9 pintada de vermelho s\u00f3lido e adornada com um padr\u00e3o de teia preto. O cabo n\u00e3o est\u00e1 pintado.<\/p>\n","protected":false},"excerpt":{"rendered":"<p>A l\u00e2mina da faca \u00e9 pintada de vermelho s\u00f3lido e adornada com um padr\u00e3o de teia preto. O cabo n\u00e3o est\u00e1 pintado.<\/p>\n","protected":false},"featured_media":12856,"template":"","meta":[],"product_brand":[],"product_cat":[309,301],"product_tag":[],"class_list":{"0":"post-13417","1":"product","2":"type-product","3":"status-publish","4":"has-post-thumbnail","6":"product_cat-faca-huntsman","7":"product_cat-facas","8":"pa_rarity-secreto","9":"pa_start-three-stars-pt-pt","10":"pa_subcategories-faca-huntsman","12":"first","13":"instock","14":"shipping-taxable","15":"purchasable","16":"product-type-simple"},"_links":{"self":[{"href":"https:\/\/skintrade.org\/pt-pt\/wp-json\/wp\/v2\/product\/13417","targetHints":{"allow":["GET"]}}],"collection":[{"href":"https:\/\/skintrade.org\/pt-pt\/wp-json\/wp\/v2\/product"}],"about":[{"href":"https:\/\/skintrade.org\/pt-pt\/wp-json\/wp\/v2\/types\/product"}],"wp:featuredmedia":[{"embeddable":true,"href":"https:\/\/skintrade.org\/pt-pt\/wp-json\/wp\/v2\/media\/12856"}],"wp:attachment":[{"href":"https:\/\/skintrade.org\/pt-pt\/wp-json\/wp\/v2\/media?parent=13417"}],"wp:term":[{"taxonomy":"product_brand","embeddable":true,"href":"https:\/\/skintrade.org\/pt-pt\/wp-json\/wp\/v2\/product_brand?post=13417"},{"taxonomy":"product_cat","embeddable":true,"href":"https:\/\/skintrade.org\/pt-pt\/wp-json\/wp\/v2\/product_cat?post=13417"},{"taxonomy":"product_tag","embeddable":true,"href":"https:\/\/skintrade.org\/pt-pt\/wp-json\/wp\/v2\/product_tag?post=13417"}],"curies":[{"name":"wp","href":"https:\/\/api.w.org\/{rel}","templated":true}]}}