{"id":13415,"date":"2022-09-16T09:47:47","date_gmt":"2022-09-16T09:47:47","guid":{"rendered":"https:\/\/skin2go.r-s.space\/product\/huntsman-knife-freehand\/"},"modified":"2023-04-27T15:07:12","modified_gmt":"2023-04-27T15:07:12","slug":"huntsman-knife-freehand","status":"publish","type":"product","link":"https:\/\/skintrade.org\/pt-pt\/produto\/huntsman-knife-freehand\/","title":{"rendered":"Freehand"},"content":{"rendered":"<p>A l\u00e2mina da faca \u00e9 feita de dois tipos diferentes de a\u00e7o, que criam um padr\u00e3o de linhas onduladas cinzentas escuras e cinzentas claras. O cabo n\u00e3o \u00e9 pintado.<\/p>\n","protected":false},"excerpt":{"rendered":"<p>A l\u00e2mina da faca \u00e9 feita de dois tipos diferentes de a\u00e7o, que criam um padr\u00e3o de linhas onduladas cinzentas escuras e cinzentas claras. O cabo n\u00e3o \u00e9 pintado.<\/p>\n","protected":false},"featured_media":12553,"template":"","meta":[],"product_brand":[],"product_cat":[309,301],"product_tag":[],"class_list":{"0":"post-13415","1":"product","2":"type-product","3":"status-publish","4":"has-post-thumbnail","6":"product_cat-faca-huntsman","7":"product_cat-facas","8":"pa_rarity-secreto","9":"pa_start-four-stars-pt-pt","10":"pa_subcategories-faca-huntsman","12":"first","13":"instock","14":"shipping-taxable","15":"purchasable","16":"product-type-simple"},"_links":{"self":[{"href":"https:\/\/skintrade.org\/pt-pt\/wp-json\/wp\/v2\/product\/13415","targetHints":{"allow":["GET"]}}],"collection":[{"href":"https:\/\/skintrade.org\/pt-pt\/wp-json\/wp\/v2\/product"}],"about":[{"href":"https:\/\/skintrade.org\/pt-pt\/wp-json\/wp\/v2\/types\/product"}],"wp:featuredmedia":[{"embeddable":true,"href":"https:\/\/skintrade.org\/pt-pt\/wp-json\/wp\/v2\/media\/12553"}],"wp:attachment":[{"href":"https:\/\/skintrade.org\/pt-pt\/wp-json\/wp\/v2\/media?parent=13415"}],"wp:term":[{"taxonomy":"product_brand","embeddable":true,"href":"https:\/\/skintrade.org\/pt-pt\/wp-json\/wp\/v2\/product_brand?post=13415"},{"taxonomy":"product_cat","embeddable":true,"href":"https:\/\/skintrade.org\/pt-pt\/wp-json\/wp\/v2\/product_cat?post=13415"},{"taxonomy":"product_tag","embeddable":true,"href":"https:\/\/skintrade.org\/pt-pt\/wp-json\/wp\/v2\/product_tag?post=13415"}],"curies":[{"name":"wp","href":"https:\/\/api.w.org\/{rel}","templated":true}]}}