{"id":13413,"date":"2022-09-16T10:29:42","date_gmt":"2022-09-16T10:29:42","guid":{"rendered":"https:\/\/skin2go.r-s.space\/product\/m9-bayonet-night\/"},"modified":"2023-04-27T15:05:57","modified_gmt":"2023-04-27T15:05:57","slug":"m9-bayonet-night","status":"publish","type":"product","link":"https:\/\/skintrade.org\/pt-pt\/produto\/m9-bayonet-night\/","title":{"rendered":"Night"},"content":{"rendered":"<p>Todo o corpo da M9 Bayonet | Night \u00e9 pintado num tom azul escuro que se assemelha \u00e0 cor do c\u00e9u nocturno.<\/p>\n","protected":false},"excerpt":{"rendered":"<p>Todo o corpo da M9 Bayonet | Night \u00e9 pintado num tom azul escuro que se assemelha \u00e0 cor do c\u00e9u nocturno.<\/p>\n","protected":false},"featured_media":12589,"template":"","meta":[],"product_brand":[],"product_cat":[301,311],"product_tag":[],"class_list":{"0":"post-13413","1":"product","2":"type-product","3":"status-publish","4":"has-post-thumbnail","6":"product_cat-facas","7":"product_cat-m9-bayonet-pt-pt","8":"pa_rarity-secreto","9":"pa_start-five-stars-pt-pt","10":"pa_subcategories-m9-bayonet-pt-pt","12":"first","13":"instock","14":"shipping-taxable","15":"purchasable","16":"product-type-simple"},"_links":{"self":[{"href":"https:\/\/skintrade.org\/pt-pt\/wp-json\/wp\/v2\/product\/13413","targetHints":{"allow":["GET"]}}],"collection":[{"href":"https:\/\/skintrade.org\/pt-pt\/wp-json\/wp\/v2\/product"}],"about":[{"href":"https:\/\/skintrade.org\/pt-pt\/wp-json\/wp\/v2\/types\/product"}],"wp:featuredmedia":[{"embeddable":true,"href":"https:\/\/skintrade.org\/pt-pt\/wp-json\/wp\/v2\/media\/12589"}],"wp:attachment":[{"href":"https:\/\/skintrade.org\/pt-pt\/wp-json\/wp\/v2\/media?parent=13413"}],"wp:term":[{"taxonomy":"product_brand","embeddable":true,"href":"https:\/\/skintrade.org\/pt-pt\/wp-json\/wp\/v2\/product_brand?post=13413"},{"taxonomy":"product_cat","embeddable":true,"href":"https:\/\/skintrade.org\/pt-pt\/wp-json\/wp\/v2\/product_cat?post=13413"},{"taxonomy":"product_tag","embeddable":true,"href":"https:\/\/skintrade.org\/pt-pt\/wp-json\/wp\/v2\/product_tag?post=13413"}],"curies":[{"name":"wp","href":"https:\/\/api.w.org\/{rel}","templated":true}]}}