{"id":13411,"date":"2022-09-16T10:31:54","date_gmt":"2022-09-16T10:31:54","guid":{"rendered":"https:\/\/skin2go.r-s.space\/product\/m9-bayonet-case-hardened\/"},"modified":"2023-04-26T18:44:15","modified_gmt":"2023-04-26T18:44:15","slug":"m9-bayonet-case-hardened","status":"publish","type":"product","link":"https:\/\/skintrade.org\/pt-pt\/produto\/m9-bayonet-case-hardened\/","title":{"rendered":"Case Hardened"},"content":{"rendered":"<p>A l\u00e2mina endurecida da faca e a protec\u00e7\u00e3o est\u00e3o cobertas de manchas azuis, violetas e amarelas. O cabo permanece sem pintura.<\/p>\n","protected":false},"excerpt":{"rendered":"<p>A l\u00e2mina endurecida da faca e a protec\u00e7\u00e3o est\u00e3o cobertas de manchas azuis, violetas e amarelas. O cabo permanece sem pintura.<\/p>\n","protected":false},"featured_media":12592,"template":"","meta":[],"product_brand":[],"product_cat":[301,311],"product_tag":[],"class_list":{"0":"post-13411","1":"product","2":"type-product","3":"status-publish","4":"has-post-thumbnail","6":"product_cat-facas","7":"product_cat-m9-bayonet-pt-pt","8":"pa_rarity-secreto","9":"pa_start-two-stars-pt-pt","10":"pa_subcategories-m9-bayonet-pt-pt","12":"first","13":"instock","14":"shipping-taxable","15":"purchasable","16":"product-type-simple"},"_links":{"self":[{"href":"https:\/\/skintrade.org\/pt-pt\/wp-json\/wp\/v2\/product\/13411","targetHints":{"allow":["GET"]}}],"collection":[{"href":"https:\/\/skintrade.org\/pt-pt\/wp-json\/wp\/v2\/product"}],"about":[{"href":"https:\/\/skintrade.org\/pt-pt\/wp-json\/wp\/v2\/types\/product"}],"wp:featuredmedia":[{"embeddable":true,"href":"https:\/\/skintrade.org\/pt-pt\/wp-json\/wp\/v2\/media\/12592"}],"wp:attachment":[{"href":"https:\/\/skintrade.org\/pt-pt\/wp-json\/wp\/v2\/media?parent=13411"}],"wp:term":[{"taxonomy":"product_brand","embeddable":true,"href":"https:\/\/skintrade.org\/pt-pt\/wp-json\/wp\/v2\/product_brand?post=13411"},{"taxonomy":"product_cat","embeddable":true,"href":"https:\/\/skintrade.org\/pt-pt\/wp-json\/wp\/v2\/product_cat?post=13411"},{"taxonomy":"product_tag","embeddable":true,"href":"https:\/\/skintrade.org\/pt-pt\/wp-json\/wp\/v2\/product_tag?post=13411"}],"curies":[{"name":"wp","href":"https:\/\/api.w.org\/{rel}","templated":true}]}}