{"id":13409,"date":"2022-09-16T10:38:45","date_gmt":"2022-09-16T10:38:45","guid":{"rendered":"https:\/\/skin2go.r-s.space\/product\/navaja-knife-blue-steel\/"},"modified":"2023-04-26T18:42:51","modified_gmt":"2023-04-26T18:42:51","slug":"navaja-knife-blue-steel","status":"publish","type":"product","link":"https:\/\/skintrade.org\/pt-pt\/produto\/navaja-knife-blue-steel\/","title":{"rendered":"Blue Steel"},"content":{"rendered":"<p>A l\u00e2mina e a parte da frente do punho foram azuladas a frio, o que conferiu \u00e0 superf\u00edcie do a\u00e7o zonas roxas, azuis e verdes claras. A parte principal do punho permanece sem pintura.<\/p>\n","protected":false},"excerpt":{"rendered":"<p>A l\u00e2mina e a parte da frente do punho foram azuladas a frio, o que conferiu \u00e0 superf\u00edcie do a\u00e7o zonas roxas, azuis e verdes claras. A parte principal do punho permanece sem pintura.<\/p>\n","protected":false},"featured_media":12595,"template":"","meta":[],"product_brand":[],"product_cat":[312,301],"product_tag":[],"class_list":{"0":"post-13409","1":"product","2":"type-product","3":"status-publish","4":"has-post-thumbnail","6":"product_cat-faca-navaja","7":"product_cat-facas","8":"pa_rarity-secreto","9":"pa_start-four-stars-pt-pt","10":"pa_subcategories-faca-navaja","12":"first","13":"instock","14":"shipping-taxable","15":"purchasable","16":"product-type-simple"},"_links":{"self":[{"href":"https:\/\/skintrade.org\/pt-pt\/wp-json\/wp\/v2\/product\/13409","targetHints":{"allow":["GET"]}}],"collection":[{"href":"https:\/\/skintrade.org\/pt-pt\/wp-json\/wp\/v2\/product"}],"about":[{"href":"https:\/\/skintrade.org\/pt-pt\/wp-json\/wp\/v2\/types\/product"}],"wp:featuredmedia":[{"embeddable":true,"href":"https:\/\/skintrade.org\/pt-pt\/wp-json\/wp\/v2\/media\/12595"}],"wp:attachment":[{"href":"https:\/\/skintrade.org\/pt-pt\/wp-json\/wp\/v2\/media?parent=13409"}],"wp:term":[{"taxonomy":"product_brand","embeddable":true,"href":"https:\/\/skintrade.org\/pt-pt\/wp-json\/wp\/v2\/product_brand?post=13409"},{"taxonomy":"product_cat","embeddable":true,"href":"https:\/\/skintrade.org\/pt-pt\/wp-json\/wp\/v2\/product_cat?post=13409"},{"taxonomy":"product_tag","embeddable":true,"href":"https:\/\/skintrade.org\/pt-pt\/wp-json\/wp\/v2\/product_tag?post=13409"}],"curies":[{"name":"wp","href":"https:\/\/api.w.org\/{rel}","templated":true}]}}