{"id":13408,"date":"2022-09-16T10:47:21","date_gmt":"2022-09-16T10:47:21","guid":{"rendered":"https:\/\/skin2go.r-s.space\/product\/navaja-knife-vanilla\/"},"modified":"2023-04-26T18:41:34","modified_gmt":"2023-04-26T18:41:34","slug":"navaja-knife-vanilla","status":"publish","type":"product","link":"https:\/\/skintrade.org\/pt-pt\/produto\/navaja-knife-vanilla\/","title":{"rendered":"Vanilla"},"content":{"rendered":"<p>A l\u00e2mina n\u00e3o est\u00e1 pintada e est\u00e1 gravada com um ornamento floral. A parte principal do cabo \u00e9 de m\u00e1rmore rosa.<\/p>\n","protected":false},"excerpt":{"rendered":"<p>A l\u00e2mina n\u00e3o est\u00e1 pintada e est\u00e1 gravada com um ornamento floral. A parte principal do cabo \u00e9 de m\u00e1rmore rosa.<\/p>\n","protected":false},"featured_media":12598,"template":"","meta":[],"product_brand":[],"product_cat":[312,301],"product_tag":[],"class_list":{"0":"post-13408","1":"product","2":"type-product","3":"status-publish","4":"has-post-thumbnail","6":"product_cat-faca-navaja","7":"product_cat-facas","8":"pa_rarity-secreto","9":"pa_subcategories-faca-navaja","11":"first","12":"instock","13":"shipping-taxable","14":"purchasable","15":"product-type-simple"},"_links":{"self":[{"href":"https:\/\/skintrade.org\/pt-pt\/wp-json\/wp\/v2\/product\/13408","targetHints":{"allow":["GET"]}}],"collection":[{"href":"https:\/\/skintrade.org\/pt-pt\/wp-json\/wp\/v2\/product"}],"about":[{"href":"https:\/\/skintrade.org\/pt-pt\/wp-json\/wp\/v2\/types\/product"}],"wp:featuredmedia":[{"embeddable":true,"href":"https:\/\/skintrade.org\/pt-pt\/wp-json\/wp\/v2\/media\/12598"}],"wp:attachment":[{"href":"https:\/\/skintrade.org\/pt-pt\/wp-json\/wp\/v2\/media?parent=13408"}],"wp:term":[{"taxonomy":"product_brand","embeddable":true,"href":"https:\/\/skintrade.org\/pt-pt\/wp-json\/wp\/v2\/product_brand?post=13408"},{"taxonomy":"product_cat","embeddable":true,"href":"https:\/\/skintrade.org\/pt-pt\/wp-json\/wp\/v2\/product_cat?post=13408"},{"taxonomy":"product_tag","embeddable":true,"href":"https:\/\/skintrade.org\/pt-pt\/wp-json\/wp\/v2\/product_tag?post=13408"}],"curies":[{"name":"wp","href":"https:\/\/api.w.org\/{rel}","templated":true}]}}